{"id":1249,"date":"2023-02-27T11:11:21","date_gmt":"2023-02-27T10:11:21","guid":{"rendered":"https:\/\/garvi.com\/politica-de-cookies\/"},"modified":"2023-06-22T12:25:53","modified_gmt":"2023-06-22T10:25:53","slug":"cookies-policy","status":"publish","type":"page","link":"https:\/\/garvi.com\/en\/cookies-policy\/","title":{"rendered":"Cookies policy"},"content":{"rendered":"\t\t<div data-elementor-type=\"wp-page\" data-elementor-id=\"1249\" class=\"elementor elementor-1249\" data-elementor-post-type=\"page\">\n\t\t\t\t\t\t<section class=\"elementor-section elementor-top-section elementor-element elementor-element-051206c elementor-section-full_width elementor-section-height-default elementor-section-height-default\" data-id=\"051206c\" data-element_type=\"section\" data-e-type=\"section\" data-settings=\"{&quot;background_background&quot;:&quot;classic&quot;}\">\n\t\t\t\t\t\t<div class=\"elementor-container elementor-column-gap-no\">\n\t\t\t\t\t<div class=\"elementor-column elementor-col-100 elementor-top-column elementor-element elementor-element-064eb36\" data-id=\"064eb36\" data-element_type=\"column\" data-e-type=\"column\">\n\t\t\t<div class=\"elementor-widget-wrap elementor-element-populated\">\n\t\t\t\t\t\t<div class=\"elementor-element elementor-element-0095cc0 elementor--h-position-left elementor--v-position-middle elementor-widget elementor-widget-slides\" data-id=\"0095cc0\" data-element_type=\"widget\" data-e-type=\"widget\" data-settings=\"{&quot;navigation&quot;:&quot;none&quot;,&quot;autoplay_speed&quot;:15000,&quot;autoplay&quot;:&quot;yes&quot;,&quot;infinite&quot;:&quot;yes&quot;,&quot;transition&quot;:&quot;slide&quot;,&quot;transition_speed&quot;:500}\" data-widget_type=\"slides.default\">\n\t\t\t\t<div class=\"elementor-widget-container\">\n\t\t\t\t\t\t\t\t\t<div class=\"elementor-swiper\">\n\t\t\t\t\t<div class=\"elementor-slides-wrapper elementor-main-swiper swiper\" role=\"region\" aria-roledescription=\"carousel\" aria-label=\"Slides\" dir=\"ltr\" data-animation=\"fadeInDown\">\n\t\t\t\t<div class=\"swiper-wrapper elementor-slides\">\n\t\t\t\t\t\t\t\t\t\t<div class=\"elementor-repeater-item-c580894 swiper-slide\" role=\"group\" aria-roledescription=\"slide\"><div class=\"swiper-slide-bg elementor-ken-burns elementor-ken-burns--in\" role=\"img\" aria-label=\"Garvi_cabecera_04\"><\/div><div class=\"elementor-background-overlay\"><\/div><a class=\"swiper-slide-inner\" href=\"\/productos\/\"><div class=\"swiper-slide-contents\"><div class=\"elementor-slide-heading\">Cookies policy<\/div><div class=\"elementor-slide-description\">Garvi Industrial, S.A.<\/div><\/div><\/a><\/div>\t\t\t\t<\/div>\n\t\t\t\t\t\t\t<\/div>\n\t\t\t\t<\/div>\n\t\t\t\t\t\t\t\t<\/div>\n\t\t\t\t<\/div>\n\t\t\t\t\t<\/div>\n\t\t<\/div>\n\t\t\t\t\t<\/div>\n\t\t<\/section>\n\t\t\t\t<section class=\"elementor-section elementor-top-section elementor-element elementor-element-39574d3 elementor-section-boxed elementor-section-height-default elementor-section-height-default\" data-id=\"39574d3\" data-element_type=\"section\" data-e-type=\"section\">\n\t\t\t\t\t\t<div class=\"elementor-container elementor-column-gap-default\">\n\t\t\t\t\t<div class=\"elementor-column elementor-col-100 elementor-top-column elementor-element elementor-element-3a87a7c\" data-id=\"3a87a7c\" data-element_type=\"column\" data-e-type=\"column\">\n\t\t\t<div class=\"elementor-widget-wrap elementor-element-populated\">\n\t\t\t\t\t\t<div class=\"elementor-element elementor-element-60033ec elementor-widget elementor-widget-spacer\" data-id=\"60033ec\" data-element_type=\"widget\" data-e-type=\"widget\" data-widget_type=\"spacer.default\">\n\t\t\t\t<div class=\"elementor-widget-container\">\n\t\t\t\t\t\t\t<div class=\"elementor-spacer\">\n\t\t\t<div class=\"elementor-spacer-inner\"><\/div>\n\t\t<\/div>\n\t\t\t\t\t\t<\/div>\n\t\t\t\t<\/div>\n\t\t\t\t\t<\/div>\n\t\t<\/div>\n\t\t\t\t\t<\/div>\n\t\t<\/section>\n\t\t\t\t<section class=\"elementor-section elementor-top-section elementor-element elementor-element-55275c9 elementor-section-boxed elementor-section-height-default elementor-section-height-default\" data-id=\"55275c9\" data-element_type=\"section\" data-e-type=\"section\">\n\t\t\t\t\t\t<div class=\"elementor-container elementor-column-gap-default\">\n\t\t\t\t\t<div class=\"elementor-column elementor-col-100 elementor-top-column elementor-element elementor-element-95362f6\" data-id=\"95362f6\" data-element_type=\"column\" data-e-type=\"column\">\n\t\t\t<div class=\"elementor-widget-wrap elementor-element-populated\">\n\t\t\t\t\t\t<div class=\"elementor-element elementor-element-203877e elementor-widget elementor-widget-text-editor\" data-id=\"203877e\" data-element_type=\"widget\" data-e-type=\"widget\" data-widget_type=\"text-editor.default\">\n\t\t\t\t<div class=\"elementor-widget-container\">\n\t\t\t\t\t\t\t\t\t<script id=\"CookieDeclaration\" src=\"https:\/\/consent.cookiebot.com\/0baccd98-a734-4c61-a6ef-6fc84b8d0eb8\/cd.js\" type=\"text\/javascript\" async><\/script>\t\t\t\t\t\t\t\t<\/div>\n\t\t\t\t<\/div>\n\t\t\t\t\t<\/div>\n\t\t<\/div>\n\t\t\t\t\t<\/div>\n\t\t<\/section>\n\t\t\t\t<section class=\"elementor-section elementor-top-section elementor-element elementor-element-f1c4c44 elementor-section-boxed elementor-section-height-default elementor-section-height-default\" data-id=\"f1c4c44\" data-element_type=\"section\" data-e-type=\"section\">\n\t\t\t\t\t\t<div class=\"elementor-container elementor-column-gap-default\">\n\t\t\t\t\t<div class=\"elementor-column elementor-col-100 elementor-top-column elementor-element elementor-element-c855df1\" data-id=\"c855df1\" data-element_type=\"column\" data-e-type=\"column\">\n\t\t\t<div class=\"elementor-widget-wrap elementor-element-populated\">\n\t\t\t\t\t\t<div class=\"elementor-element elementor-element-c8d67fe elementor-widget elementor-widget-spacer\" data-id=\"c8d67fe\" data-element_type=\"widget\" data-e-type=\"widget\" data-widget_type=\"spacer.default\">\n\t\t\t\t<div class=\"elementor-widget-container\">\n\t\t\t\t\t\t\t<div class=\"elementor-spacer\">\n\t\t\t<div class=\"elementor-spacer-inner\"><\/div>\n\t\t<\/div>\n\t\t\t\t\t\t<\/div>\n\t\t\t\t<\/div>\n\t\t\t\t\t<\/div>\n\t\t<\/div>\n\t\t\t\t\t<\/div>\n\t\t<\/section>\n\t\t\t\t<\/div>\n\t\t","protected":false},"excerpt":{"rendered":"<p>Cookies policyGarvi Industrial, S.A.<\/p>\n","protected":false},"author":1,"featured_media":0,"parent":0,"menu_order":0,"comment_status":"closed","ping_status":"closed","template":"elementor_header_footer","meta":{"footnotes":""},"class_list":["post-1249","page","type-page","status-publish","hentry"],"yoast_head":"<!-- This site is optimized with the Yoast SEO plugin v27.3 - https:\/\/yoast.com\/product\/yoast-seo-wordpress\/ -->\n<title>Cookies policy - Garvi Industrial, S.A.<\/title>\n<meta name=\"robots\" content=\"index, follow, max-snippet:-1, max-image-preview:large, max-video-preview:-1\" \/>\n<link rel=\"canonical\" href=\"https:\/\/garvi.com\/en\/cookies-policy\/\" \/>\n<meta property=\"og:locale\" content=\"en_US\" \/>\n<meta property=\"og:type\" content=\"article\" \/>\n<meta property=\"og:title\" content=\"Cookies policy - Garvi Industrial, S.A.\" \/>\n<meta property=\"og:description\" content=\"Cookies policyGarvi Industrial, S.A.\" \/>\n<meta property=\"og:url\" content=\"https:\/\/garvi.com\/en\/cookies-policy\/\" \/>\n<meta property=\"og:site_name\" content=\"Garvi Industrial, S.A.\" \/>\n<meta property=\"article:modified_time\" content=\"2023-06-22T10:25:53+00:00\" \/>\n<meta name=\"twitter:card\" content=\"summary_large_image\" \/>\n<meta name=\"twitter:label1\" content=\"Est. reading time\" \/>\n\t<meta name=\"twitter:data1\" content=\"1 minute\" \/>\n<script type=\"application\/ld+json\" class=\"yoast-schema-graph\">{\"@context\":\"https:\\\/\\\/schema.org\",\"@graph\":[{\"@type\":\"WebPage\",\"@id\":\"https:\\\/\\\/garvi.com\\\/en\\\/cookies-policy\\\/\",\"url\":\"https:\\\/\\\/garvi.com\\\/en\\\/cookies-policy\\\/\",\"name\":\"Cookies policy - Garvi Industrial, S.A.\",\"isPartOf\":{\"@id\":\"https:\\\/\\\/garvi.com\\\/#website\"},\"datePublished\":\"2023-02-27T10:11:21+00:00\",\"dateModified\":\"2023-06-22T10:25:53+00:00\",\"breadcrumb\":{\"@id\":\"https:\\\/\\\/garvi.com\\\/en\\\/cookies-policy\\\/#breadcrumb\"},\"inLanguage\":\"en-US\",\"potentialAction\":[{\"@type\":\"ReadAction\",\"target\":[\"https:\\\/\\\/garvi.com\\\/en\\\/cookies-policy\\\/\"]}]},{\"@type\":\"BreadcrumbList\",\"@id\":\"https:\\\/\\\/garvi.com\\\/en\\\/cookies-policy\\\/#breadcrumb\",\"itemListElement\":[{\"@type\":\"ListItem\",\"position\":1,\"name\":\"Portada\",\"item\":\"https:\\\/\\\/garvi.com\\\/\"},{\"@type\":\"ListItem\",\"position\":2,\"name\":\"Cookies policy\"}]},{\"@type\":\"WebSite\",\"@id\":\"https:\\\/\\\/garvi.com\\\/#website\",\"url\":\"https:\\\/\\\/garvi.com\\\/\",\"name\":\"Garvi Industrial, S.A.\",\"description\":\"Especialistas en estampaci\u00f3n de piezas met\u00e1licas principalmente para el sector de la automoci\u00f3n.\",\"publisher\":{\"@id\":\"https:\\\/\\\/garvi.com\\\/#organization\"},\"potentialAction\":[{\"@type\":\"SearchAction\",\"target\":{\"@type\":\"EntryPoint\",\"urlTemplate\":\"https:\\\/\\\/garvi.com\\\/?s={search_term_string}\"},\"query-input\":{\"@type\":\"PropertyValueSpecification\",\"valueRequired\":true,\"valueName\":\"search_term_string\"}}],\"inLanguage\":\"en-US\"},{\"@type\":\"Organization\",\"@id\":\"https:\\\/\\\/garvi.com\\\/#organization\",\"name\":\"Garvi Industrial, S.A.\",\"url\":\"https:\\\/\\\/garvi.com\\\/\",\"logo\":{\"@type\":\"ImageObject\",\"inLanguage\":\"en-US\",\"@id\":\"https:\\\/\\\/garvi.com\\\/#\\\/schema\\\/logo\\\/image\\\/\",\"url\":\"https:\\\/\\\/garvi.com\\\/wp-content\\\/uploads\\\/2024\\\/03\\\/Garvi_Industrial_SA.png\",\"contentUrl\":\"https:\\\/\\\/garvi.com\\\/wp-content\\\/uploads\\\/2024\\\/03\\\/Garvi_Industrial_SA.png\",\"width\":195,\"height\":128,\"caption\":\"Garvi Industrial, S.A.\"},\"image\":{\"@id\":\"https:\\\/\\\/garvi.com\\\/#\\\/schema\\\/logo\\\/image\\\/\"}}]}<\/script>\n<!-- \/ Yoast SEO plugin. -->","yoast_head_json":{"title":"Cookies policy - Garvi Industrial, S.A.","robots":{"index":"index","follow":"follow","max-snippet":"max-snippet:-1","max-image-preview":"max-image-preview:large","max-video-preview":"max-video-preview:-1"},"canonical":"https:\/\/garvi.com\/en\/cookies-policy\/","og_locale":"en_US","og_type":"article","og_title":"Cookies policy - Garvi Industrial, S.A.","og_description":"Cookies policyGarvi Industrial, S.A.","og_url":"https:\/\/garvi.com\/en\/cookies-policy\/","og_site_name":"Garvi Industrial, S.A.","article_modified_time":"2023-06-22T10:25:53+00:00","twitter_card":"summary_large_image","twitter_misc":{"Est. reading time":"1 minute"},"schema":{"@context":"https:\/\/schema.org","@graph":[{"@type":"WebPage","@id":"https:\/\/garvi.com\/en\/cookies-policy\/","url":"https:\/\/garvi.com\/en\/cookies-policy\/","name":"Cookies policy - Garvi Industrial, S.A.","isPartOf":{"@id":"https:\/\/garvi.com\/#website"},"datePublished":"2023-02-27T10:11:21+00:00","dateModified":"2023-06-22T10:25:53+00:00","breadcrumb":{"@id":"https:\/\/garvi.com\/en\/cookies-policy\/#breadcrumb"},"inLanguage":"en-US","potentialAction":[{"@type":"ReadAction","target":["https:\/\/garvi.com\/en\/cookies-policy\/"]}]},{"@type":"BreadcrumbList","@id":"https:\/\/garvi.com\/en\/cookies-policy\/#breadcrumb","itemListElement":[{"@type":"ListItem","position":1,"name":"Portada","item":"https:\/\/garvi.com\/"},{"@type":"ListItem","position":2,"name":"Cookies policy"}]},{"@type":"WebSite","@id":"https:\/\/garvi.com\/#website","url":"https:\/\/garvi.com\/","name":"Garvi Industrial, S.A.","description":"Especialistas en estampaci\u00f3n de piezas met\u00e1licas principalmente para el sector de la automoci\u00f3n.","publisher":{"@id":"https:\/\/garvi.com\/#organization"},"potentialAction":[{"@type":"SearchAction","target":{"@type":"EntryPoint","urlTemplate":"https:\/\/garvi.com\/?s={search_term_string}"},"query-input":{"@type":"PropertyValueSpecification","valueRequired":true,"valueName":"search_term_string"}}],"inLanguage":"en-US"},{"@type":"Organization","@id":"https:\/\/garvi.com\/#organization","name":"Garvi Industrial, S.A.","url":"https:\/\/garvi.com\/","logo":{"@type":"ImageObject","inLanguage":"en-US","@id":"https:\/\/garvi.com\/#\/schema\/logo\/image\/","url":"https:\/\/garvi.com\/wp-content\/uploads\/2024\/03\/Garvi_Industrial_SA.png","contentUrl":"https:\/\/garvi.com\/wp-content\/uploads\/2024\/03\/Garvi_Industrial_SA.png","width":195,"height":128,"caption":"Garvi Industrial, S.A."},"image":{"@id":"https:\/\/garvi.com\/#\/schema\/logo\/image\/"}}]}},"_links":{"self":[{"href":"https:\/\/garvi.com\/en\/wp-json\/wp\/v2\/pages\/1249","targetHints":{"allow":["GET"]}}],"collection":[{"href":"https:\/\/garvi.com\/en\/wp-json\/wp\/v2\/pages"}],"about":[{"href":"https:\/\/garvi.com\/en\/wp-json\/wp\/v2\/types\/page"}],"author":[{"embeddable":true,"href":"https:\/\/garvi.com\/en\/wp-json\/wp\/v2\/users\/1"}],"replies":[{"embeddable":true,"href":"https:\/\/garvi.com\/en\/wp-json\/wp\/v2\/comments?post=1249"}],"version-history":[{"count":7,"href":"https:\/\/garvi.com\/en\/wp-json\/wp\/v2\/pages\/1249\/revisions"}],"predecessor-version":[{"id":1319,"href":"https:\/\/garvi.com\/en\/wp-json\/wp\/v2\/pages\/1249\/revisions\/1319"}],"wp:attachment":[{"href":"https:\/\/garvi.com\/en\/wp-json\/wp\/v2\/media?parent=1249"}],"curies":[{"name":"wp","href":"https:\/\/api.w.org\/{rel}","templated":true}]}}