{"id":1135,"date":"2023-03-30T14:00:26","date_gmt":"2023-03-30T12:00:26","guid":{"rendered":"https:\/\/garvi.com\/calidad\/"},"modified":"2024-12-05T17:02:11","modified_gmt":"2024-12-05T16:02:11","slug":"quality","status":"publish","type":"page","link":"https:\/\/garvi.com\/en\/quality\/","title":{"rendered":"Quality"},"content":{"rendered":"\t\t<div data-elementor-type=\"wp-page\" data-elementor-id=\"1135\" class=\"elementor elementor-1135 elementor-261\" data-elementor-post-type=\"page\">\n\t\t\t\t\t\t<section class=\"elementor-section elementor-top-section elementor-element elementor-element-e4db59c elementor-section-full_width elementor-section-height-default elementor-section-height-default\" data-id=\"e4db59c\" data-element_type=\"section\" data-e-type=\"section\" data-settings=\"{&quot;background_background&quot;:&quot;classic&quot;}\">\n\t\t\t\t\t\t<div class=\"elementor-container elementor-column-gap-no\">\n\t\t\t\t\t<div class=\"elementor-column elementor-col-100 elementor-top-column elementor-element elementor-element-6a18bad\" data-id=\"6a18bad\" data-element_type=\"column\" data-e-type=\"column\">\n\t\t\t<div class=\"elementor-widget-wrap elementor-element-populated\">\n\t\t\t\t\t\t<div class=\"elementor-element elementor-element-f5ef16f elementor--h-position-left elementor--v-position-middle elementor-widget elementor-widget-slides\" data-id=\"f5ef16f\" data-element_type=\"widget\" data-e-type=\"widget\" data-settings=\"{&quot;navigation&quot;:&quot;none&quot;,&quot;autoplay_speed&quot;:15000,&quot;autoplay&quot;:&quot;yes&quot;,&quot;infinite&quot;:&quot;yes&quot;,&quot;transition&quot;:&quot;slide&quot;,&quot;transition_speed&quot;:500}\" data-widget_type=\"slides.default\">\n\t\t\t\t<div class=\"elementor-widget-container\">\n\t\t\t\t\t\t\t\t\t<div class=\"elementor-swiper\">\n\t\t\t\t\t<div class=\"elementor-slides-wrapper elementor-main-swiper swiper\" role=\"region\" aria-roledescription=\"carousel\" aria-label=\"Slides\" dir=\"ltr\" data-animation=\"fadeInDown\">\n\t\t\t\t<div class=\"swiper-wrapper elementor-slides\">\n\t\t\t\t\t\t\t\t\t\t<div class=\"elementor-repeater-item-c580894 swiper-slide\" role=\"group\" aria-roledescription=\"slide\"><div class=\"swiper-slide-bg elementor-ken-burns elementor-ken-burns--in\" role=\"img\" aria-label=\"calidad_top\"><\/div><div class=\"elementor-background-overlay\"><\/div><a class=\"swiper-slide-inner\" href=\"\/productos\/\"><div class=\"swiper-slide-contents\"><div class=\"elementor-slide-heading\">Quality<\/div><div class=\"elementor-slide-description\">Garvi is a sign of quality and service<\/div><\/div><\/a><\/div>\t\t\t\t<\/div>\n\t\t\t\t\t\t\t<\/div>\n\t\t\t\t<\/div>\n\t\t\t\t\t\t\t\t<\/div>\n\t\t\t\t<\/div>\n\t\t\t\t\t<\/div>\n\t\t<\/div>\n\t\t\t\t\t<\/div>\n\t\t<\/section>\n\t\t\t\t<section class=\"elementor-section elementor-top-section elementor-element elementor-element-20e788f elementor-section-boxed elementor-section-height-default elementor-section-height-default\" data-id=\"20e788f\" data-element_type=\"section\" data-e-type=\"section\">\n\t\t\t\t\t\t<div class=\"elementor-container elementor-column-gap-default\">\n\t\t\t\t\t<div class=\"elementor-column elementor-col-100 elementor-top-column elementor-element elementor-element-8ff3557\" data-id=\"8ff3557\" data-element_type=\"column\" data-e-type=\"column\">\n\t\t\t<div class=\"elementor-widget-wrap elementor-element-populated\">\n\t\t\t\t\t\t<div class=\"elementor-element elementor-element-1d70c76 elementor-widget elementor-widget-spacer\" data-id=\"1d70c76\" data-element_type=\"widget\" data-e-type=\"widget\" data-widget_type=\"spacer.default\">\n\t\t\t\t<div class=\"elementor-widget-container\">\n\t\t\t\t\t\t\t<div class=\"elementor-spacer\">\n\t\t\t<div class=\"elementor-spacer-inner\"><\/div>\n\t\t<\/div>\n\t\t\t\t\t\t<\/div>\n\t\t\t\t<\/div>\n\t\t\t\t\t<\/div>\n\t\t<\/div>\n\t\t\t\t\t<\/div>\n\t\t<\/section>\n\t\t\t\t<section class=\"elementor-section elementor-top-section elementor-element elementor-element-65fbdd8 elementor-section-boxed elementor-section-height-default elementor-section-height-default\" data-id=\"65fbdd8\" data-element_type=\"section\" data-e-type=\"section\">\n\t\t\t\t\t\t<div class=\"elementor-container elementor-column-gap-default\">\n\t\t\t\t\t<div class=\"elementor-column elementor-col-100 elementor-top-column elementor-element elementor-element-7028fb4\" data-id=\"7028fb4\" data-element_type=\"column\" data-e-type=\"column\">\n\t\t\t<div class=\"elementor-widget-wrap elementor-element-populated\">\n\t\t\t\t\t\t<div class=\"elementor-element elementor-element-2cd3ada elementor-widget elementor-widget-text-editor\" data-id=\"2cd3ada\" data-element_type=\"widget\" data-e-type=\"widget\" data-widget_type=\"text-editor.default\">\n\t\t\t\t<div class=\"elementor-widget-container\">\n\t\t\t\t\t\t\t\t\t<h3>Quality is our top priority!<\/h3><h4>With ISO IATF certifications, we guarantee excellence in quality management.<\/h4><h5>We are also proud of our commitment to sustainable development, backed by our recent achievement of ISO 14001. Our customers value our commitment to quality, innovation and social and environmental responsibility.<\/h5>\t\t\t\t\t\t\t\t<\/div>\n\t\t\t\t<\/div>\n\t\t\t\t<div class=\"elementor-element elementor-element-26eec1b elementor-widget elementor-widget-spacer\" data-id=\"26eec1b\" data-element_type=\"widget\" data-e-type=\"widget\" data-widget_type=\"spacer.default\">\n\t\t\t\t<div class=\"elementor-widget-container\">\n\t\t\t\t\t\t\t<div class=\"elementor-spacer\">\n\t\t\t<div class=\"elementor-spacer-inner\"><\/div>\n\t\t<\/div>\n\t\t\t\t\t\t<\/div>\n\t\t\t\t<\/div>\n\t\t\t\t\t<\/div>\n\t\t<\/div>\n\t\t\t\t\t<\/div>\n\t\t<\/section>\n\t\t\t\t<section class=\"elementor-section elementor-top-section elementor-element elementor-element-b3e53ae elementor-reverse-tablet elementor-reverse-mobile elementor-section-boxed elementor-section-height-default elementor-section-height-default\" data-id=\"b3e53ae\" data-element_type=\"section\" data-e-type=\"section\">\n\t\t\t\t\t\t<div class=\"elementor-container elementor-column-gap-default\">\n\t\t\t\t\t<div class=\"elementor-column elementor-col-50 elementor-top-column elementor-element elementor-element-b939979\" data-id=\"b939979\" data-element_type=\"column\" data-e-type=\"column\">\n\t\t\t<div class=\"elementor-widget-wrap elementor-element-populated\">\n\t\t\t\t\t\t<div class=\"elementor-element elementor-element-2b9efa4 elementor-widget elementor-widget-image\" data-id=\"2b9efa4\" data-element_type=\"widget\" data-e-type=\"widget\" data-widget_type=\"image.default\">\n\t\t\t\t<div class=\"elementor-widget-container\">\n\t\t\t\t\t\t\t\t\t\t\t\t\t\t\t<img fetchpriority=\"high\" decoding=\"async\" width=\"1151\" height=\"1726\" src=\"https:\/\/garvi.com\/wp-content\/uploads\/2024\/02\/Garvi_calidad-1.jpg\" class=\"attachment-large size-large wp-image-1988\" alt=\"\" srcset=\"https:\/\/garvi.com\/wp-content\/uploads\/2024\/02\/Garvi_calidad-1.jpg 1151w, https:\/\/garvi.com\/wp-content\/uploads\/2024\/02\/Garvi_calidad-1-768x1152.jpg 768w, https:\/\/garvi.com\/wp-content\/uploads\/2024\/02\/Garvi_calidad-1-1024x1536.jpg 1024w\" sizes=\"(max-width: 1151px) 100vw, 1151px\" \/>\t\t\t\t\t\t\t\t\t\t\t\t\t\t\t<\/div>\n\t\t\t\t<\/div>\n\t\t\t\t\t<\/div>\n\t\t<\/div>\n\t\t\t\t<div class=\"elementor-column elementor-col-50 elementor-top-column elementor-element elementor-element-658f5de\" data-id=\"658f5de\" data-element_type=\"column\" data-e-type=\"column\">\n\t\t\t<div class=\"elementor-widget-wrap elementor-element-populated\">\n\t\t\t\t\t\t<div class=\"elementor-element elementor-element-e81e6f4 elementor-align-center elementor-widget elementor-widget-button\" data-id=\"e81e6f4\" data-element_type=\"widget\" data-e-type=\"widget\" data-widget_type=\"button.default\">\n\t\t\t\t<div class=\"elementor-widget-container\">\n\t\t\t\t\t\t\t\t\t<div class=\"elementor-button-wrapper\">\n\t\t\t\t\t<a class=\"elementor-button elementor-button-link elementor-size-sm\" href=\"https:\/\/garvi.com\/wp-content\/uploads\/2023\/11\/Politica_de_calidad_y_ambiental_Anexo_1.pdf\" target=\"_blank\">\n\t\t\t\t\t\t<span class=\"elementor-button-content-wrapper\">\n\t\t\t\t\t\t\t\t\t<span class=\"elementor-button-text\">Pol\u00edtica de calidad y Pol\u00edtica Ambiental. Anexo 1<\/span>\n\t\t\t\t\t<\/span>\n\t\t\t\t\t<\/a>\n\t\t\t\t<\/div>\n\t\t\t\t\t\t\t\t<\/div>\n\t\t\t\t<\/div>\n\t\t\t\t<div class=\"elementor-element elementor-element-07cb7b1 elementor-align-center elementor-widget elementor-widget-button\" data-id=\"07cb7b1\" data-element_type=\"widget\" data-e-type=\"widget\" data-widget_type=\"button.default\">\n\t\t\t\t<div class=\"elementor-widget-container\">\n\t\t\t\t\t\t\t\t\t<div class=\"elementor-button-wrapper\">\n\t\t\t\t\t<a class=\"elementor-button elementor-button-link elementor-size-sm\" href=\"https:\/\/garvi.com\/wp-content\/uploads\/2023\/11\/Politica_de_calidad_y_ambiental_Anexo_2.pdf\" target=\"_blank\">\n\t\t\t\t\t\t<span class=\"elementor-button-content-wrapper\">\n\t\t\t\t\t\t\t\t\t<span class=\"elementor-button-text\">Pol\u00edtica de calidad y Pol\u00edtica Ambiental. Anexo 2<\/span>\n\t\t\t\t\t<\/span>\n\t\t\t\t\t<\/a>\n\t\t\t\t<\/div>\n\t\t\t\t\t\t\t\t<\/div>\n\t\t\t\t<\/div>\n\t\t\t\t<div class=\"elementor-element elementor-element-a0e5c09 elementor-widget elementor-widget-spacer\" data-id=\"a0e5c09\" data-element_type=\"widget\" data-e-type=\"widget\" data-widget_type=\"spacer.default\">\n\t\t\t\t<div class=\"elementor-widget-container\">\n\t\t\t\t\t\t\t<div class=\"elementor-spacer\">\n\t\t\t<div class=\"elementor-spacer-inner\"><\/div>\n\t\t<\/div>\n\t\t\t\t\t\t<\/div>\n\t\t\t\t<\/div>\n\t\t\t\t<div class=\"elementor-element elementor-element-33e5312 elementor-widget elementor-widget-heading\" data-id=\"33e5312\" data-element_type=\"widget\" data-e-type=\"widget\" data-widget_type=\"heading.default\">\n\t\t\t\t<div class=\"elementor-widget-container\">\n\t\t\t\t\t<h3 class=\"elementor-heading-title elementor-size-default\">Quality certificates<\/h3>\t\t\t\t<\/div>\n\t\t\t\t<\/div>\n\t\t\t\t<div class=\"elementor-element elementor-element-ee87aaf elementor-widget elementor-widget-spacer\" data-id=\"ee87aaf\" data-element_type=\"widget\" data-e-type=\"widget\" data-widget_type=\"spacer.default\">\n\t\t\t\t<div class=\"elementor-widget-container\">\n\t\t\t\t\t\t\t<div class=\"elementor-spacer\">\n\t\t\t<div class=\"elementor-spacer-inner\"><\/div>\n\t\t<\/div>\n\t\t\t\t\t\t<\/div>\n\t\t\t\t<\/div>\n\t\t\t\t<section class=\"elementor-section elementor-inner-section elementor-element elementor-element-5d7e8f4 elementor-section-boxed elementor-section-height-default elementor-section-height-default\" data-id=\"5d7e8f4\" data-element_type=\"section\" data-e-type=\"section\">\n\t\t\t\t\t\t<div class=\"elementor-container elementor-column-gap-no\">\n\t\t\t\t\t<div class=\"elementor-column elementor-col-33 elementor-inner-column elementor-element elementor-element-6345a9e\" data-id=\"6345a9e\" data-element_type=\"column\" data-e-type=\"column\">\n\t\t\t<div class=\"elementor-widget-wrap elementor-element-populated\">\n\t\t\t\t\t\t<div class=\"elementor-element elementor-element-fe56c78 elementor-widget elementor-widget-image\" data-id=\"fe56c78\" data-element_type=\"widget\" data-e-type=\"widget\" data-widget_type=\"image.default\">\n\t\t\t\t<div class=\"elementor-widget-container\">\n\t\t\t\t\t\t\t\t\t\t\t\t\t\t\t\t<a href=\"https:\/\/garvi.com\/wp-content\/uploads\/2023\/10\/ISO9001_es.pdf\" target=\"_blank\">\n\t\t\t\t\t\t\t<img decoding=\"async\" width=\"157\" height=\"219\" src=\"https:\/\/garvi.com\/wp-content\/uploads\/2024\/02\/ISO9001.png\" class=\"attachment-large size-large wp-image-1991\" alt=\"\" \/>\t\t\t\t\t\t\t\t<\/a>\n\t\t\t\t\t\t\t\t\t\t\t\t\t\t\t<\/div>\n\t\t\t\t<\/div>\n\t\t\t\t<div class=\"elementor-element elementor-element-328911a elementor-widget elementor-widget-spacer\" data-id=\"328911a\" data-element_type=\"widget\" data-e-type=\"widget\" data-widget_type=\"spacer.default\">\n\t\t\t\t<div class=\"elementor-widget-container\">\n\t\t\t\t\t\t\t<div class=\"elementor-spacer\">\n\t\t\t<div class=\"elementor-spacer-inner\"><\/div>\n\t\t<\/div>\n\t\t\t\t\t\t<\/div>\n\t\t\t\t<\/div>\n\t\t\t\t\t<\/div>\n\t\t<\/div>\n\t\t\t\t<div class=\"elementor-column elementor-col-33 elementor-inner-column elementor-element elementor-element-b73feae\" data-id=\"b73feae\" data-element_type=\"column\" data-e-type=\"column\">\n\t\t\t<div class=\"elementor-widget-wrap elementor-element-populated\">\n\t\t\t\t\t\t<div class=\"elementor-element elementor-element-d2f774a elementor-widget elementor-widget-image\" data-id=\"d2f774a\" data-element_type=\"widget\" data-e-type=\"widget\" data-widget_type=\"image.default\">\n\t\t\t\t<div class=\"elementor-widget-container\">\n\t\t\t\t\t\t\t\t\t\t\t\t\t\t\t\t<a href=\"https:\/\/garvi.com\/wp-content\/uploads\/2023\/10\/IATF_es.pdf\" target=\"_blank\">\n\t\t\t\t\t\t\t<img decoding=\"async\" width=\"157\" height=\"220\" src=\"https:\/\/garvi.com\/wp-content\/uploads\/2024\/02\/IATF_16949.png\" class=\"attachment-large size-large wp-image-1994\" alt=\"\" \/>\t\t\t\t\t\t\t\t<\/a>\n\t\t\t\t\t\t\t\t\t\t\t\t\t\t\t<\/div>\n\t\t\t\t<\/div>\n\t\t\t\t<div class=\"elementor-element elementor-element-b6a4b1a elementor-widget elementor-widget-spacer\" data-id=\"b6a4b1a\" data-element_type=\"widget\" data-e-type=\"widget\" data-widget_type=\"spacer.default\">\n\t\t\t\t<div class=\"elementor-widget-container\">\n\t\t\t\t\t\t\t<div class=\"elementor-spacer\">\n\t\t\t<div class=\"elementor-spacer-inner\"><\/div>\n\t\t<\/div>\n\t\t\t\t\t\t<\/div>\n\t\t\t\t<\/div>\n\t\t\t\t\t<\/div>\n\t\t<\/div>\n\t\t\t\t<div class=\"elementor-column elementor-col-33 elementor-inner-column elementor-element elementor-element-6aa7321\" data-id=\"6aa7321\" data-element_type=\"column\" data-e-type=\"column\">\n\t\t\t<div class=\"elementor-widget-wrap elementor-element-populated\">\n\t\t\t\t\t\t<div class=\"elementor-element elementor-element-368dbbd elementor-widget elementor-widget-image\" data-id=\"368dbbd\" data-element_type=\"widget\" data-e-type=\"widget\" data-widget_type=\"image.default\">\n\t\t\t\t<div class=\"elementor-widget-container\">\n\t\t\t\t\t\t\t\t\t\t\t\t\t\t\t\t<a href=\"https:\/\/garvi.com\/wp-content\/uploads\/2024\/12\/ISO14001.pdf\" target=\"_blank\">\n\t\t\t\t\t\t\t<img loading=\"lazy\" decoding=\"async\" width=\"300\" height=\"418\" src=\"https:\/\/garvi.com\/wp-content\/uploads\/2024\/07\/iso14001_eng.jpg\" class=\"attachment-large size-large wp-image-2251\" alt=\"\" \/>\t\t\t\t\t\t\t\t<\/a>\n\t\t\t\t\t\t\t\t\t\t\t\t\t\t\t<\/div>\n\t\t\t\t<\/div>\n\t\t\t\t<div class=\"elementor-element elementor-element-bb84f7c elementor-widget elementor-widget-spacer\" data-id=\"bb84f7c\" data-element_type=\"widget\" data-e-type=\"widget\" data-widget_type=\"spacer.default\">\n\t\t\t\t<div class=\"elementor-widget-container\">\n\t\t\t\t\t\t\t<div class=\"elementor-spacer\">\n\t\t\t<div class=\"elementor-spacer-inner\"><\/div>\n\t\t<\/div>\n\t\t\t\t\t\t<\/div>\n\t\t\t\t<\/div>\n\t\t\t\t\t<\/div>\n\t\t<\/div>\n\t\t\t\t\t<\/div>\n\t\t<\/section>\n\t\t\t\t<div class=\"elementor-element elementor-element-2f45400 elementor-widget elementor-widget-text-editor\" data-id=\"2f45400\" data-element_type=\"widget\" data-e-type=\"widget\" data-widget_type=\"text-editor.default\">\n\t\t\t\t<div class=\"elementor-widget-container\">\n\t\t\t\t\t\t\t\t\t<p>Our manufacturing process is subject to rigorous controls to ensure the maximum quality of the product and the materials used. We have the most demanding European certificates that guarantee our commitment to excellence.<\/p>\t\t\t\t\t\t\t\t<\/div>\n\t\t\t\t<\/div>\n\t\t\t\t\t<\/div>\n\t\t<\/div>\n\t\t\t\t\t<\/div>\n\t\t<\/section>\n\t\t\t\t<section class=\"elementor-section elementor-top-section elementor-element elementor-element-54f6e84 elementor-section-boxed elementor-section-height-default elementor-section-height-default\" data-id=\"54f6e84\" data-element_type=\"section\" data-e-type=\"section\">\n\t\t\t\t\t\t<div class=\"elementor-container elementor-column-gap-default\">\n\t\t\t\t\t<div class=\"elementor-column elementor-col-100 elementor-top-column elementor-element elementor-element-5b1bcd3\" data-id=\"5b1bcd3\" data-element_type=\"column\" data-e-type=\"column\">\n\t\t\t<div class=\"elementor-widget-wrap elementor-element-populated\">\n\t\t\t\t\t\t<div class=\"elementor-element elementor-element-a5990b5 elementor-widget elementor-widget-spacer\" data-id=\"a5990b5\" data-element_type=\"widget\" data-e-type=\"widget\" data-widget_type=\"spacer.default\">\n\t\t\t\t<div class=\"elementor-widget-container\">\n\t\t\t\t\t\t\t<div class=\"elementor-spacer\">\n\t\t\t<div class=\"elementor-spacer-inner\"><\/div>\n\t\t<\/div>\n\t\t\t\t\t\t<\/div>\n\t\t\t\t<\/div>\n\t\t\t\t\t<\/div>\n\t\t<\/div>\n\t\t\t\t\t<\/div>\n\t\t<\/section>\n\t\t\t\t<\/div>\n\t\t","protected":false},"excerpt":{"rendered":"<p>QualityGarvi is a sign of quality and service Quality is our top priority! With ISO IATF certifications, we guarantee excellence in quality management. We are also proud of our commitment to sustainable development, backed by our recent achievement of ISO 14001. Our customers value our commitment to quality, innovation and social and environmental responsibility. Pol\u00edtica [&hellip;]<\/p>\n","protected":false},"author":1,"featured_media":0,"parent":0,"menu_order":0,"comment_status":"closed","ping_status":"closed","template":"elementor_header_footer","meta":{"footnotes":""},"class_list":["post-1135","page","type-page","status-publish","hentry"],"yoast_head":"<!-- This site is optimized with the Yoast SEO plugin v27.3 - https:\/\/yoast.com\/product\/yoast-seo-wordpress\/ -->\n<title>Quality - Garvi Industrial, S.A.<\/title>\n<meta name=\"robots\" content=\"index, follow, max-snippet:-1, max-image-preview:large, max-video-preview:-1\" \/>\n<link rel=\"canonical\" href=\"https:\/\/garvi.com\/calidad\/\" \/>\n<meta property=\"og:locale\" content=\"en_US\" \/>\n<meta property=\"og:type\" content=\"article\" \/>\n<meta property=\"og:title\" content=\"Quality - Garvi Industrial, S.A.\" \/>\n<meta property=\"og:description\" content=\"QualityGarvi is a sign of quality and service Quality is our top priority! With ISO IATF certifications, we guarantee excellence in quality management. We are also proud of our commitment to sustainable development, backed by our recent achievement of ISO 14001. Our customers value our commitment to quality, innovation and social and environmental responsibility. Pol\u00edtica [&hellip;]\" \/>\n<meta property=\"og:url\" content=\"https:\/\/garvi.com\/calidad\/\" \/>\n<meta property=\"og:site_name\" content=\"Garvi Industrial, S.A.\" \/>\n<meta property=\"article:modified_time\" content=\"2024-12-05T16:02:11+00:00\" \/>\n<meta property=\"og:image\" content=\"https:\/\/garvi.com\/wp-content\/uploads\/2024\/02\/Garvi_calidad-1.jpg\" \/>\n\t<meta property=\"og:image:width\" content=\"1151\" \/>\n\t<meta property=\"og:image:height\" content=\"1726\" \/>\n\t<meta property=\"og:image:type\" content=\"image\/jpeg\" \/>\n<meta name=\"twitter:card\" content=\"summary_large_image\" \/>\n<meta name=\"twitter:label1\" content=\"Est. reading time\" \/>\n\t<meta name=\"twitter:data1\" content=\"2 minutes\" \/>\n<script type=\"application\/ld+json\" class=\"yoast-schema-graph\">{\"@context\":\"https:\\\/\\\/schema.org\",\"@graph\":[{\"@type\":\"WebPage\",\"@id\":\"https:\\\/\\\/garvi.com\\\/calidad\\\/\",\"url\":\"https:\\\/\\\/garvi.com\\\/calidad\\\/\",\"name\":\"Quality - Garvi Industrial, S.A.\",\"isPartOf\":{\"@id\":\"https:\\\/\\\/garvi.com\\\/#website\"},\"primaryImageOfPage\":{\"@id\":\"https:\\\/\\\/garvi.com\\\/calidad\\\/#primaryimage\"},\"image\":{\"@id\":\"https:\\\/\\\/garvi.com\\\/calidad\\\/#primaryimage\"},\"thumbnailUrl\":\"https:\\\/\\\/garvi.com\\\/wp-content\\\/uploads\\\/2024\\\/02\\\/Garvi_calidad-1.jpg\",\"datePublished\":\"2023-03-30T12:00:26+00:00\",\"dateModified\":\"2024-12-05T16:02:11+00:00\",\"breadcrumb\":{\"@id\":\"https:\\\/\\\/garvi.com\\\/calidad\\\/#breadcrumb\"},\"inLanguage\":\"en-US\",\"potentialAction\":[{\"@type\":\"ReadAction\",\"target\":[\"https:\\\/\\\/garvi.com\\\/calidad\\\/\"]}]},{\"@type\":\"ImageObject\",\"inLanguage\":\"en-US\",\"@id\":\"https:\\\/\\\/garvi.com\\\/calidad\\\/#primaryimage\",\"url\":\"https:\\\/\\\/garvi.com\\\/wp-content\\\/uploads\\\/2024\\\/02\\\/Garvi_calidad-1.jpg\",\"contentUrl\":\"https:\\\/\\\/garvi.com\\\/wp-content\\\/uploads\\\/2024\\\/02\\\/Garvi_calidad-1.jpg\"},{\"@type\":\"BreadcrumbList\",\"@id\":\"https:\\\/\\\/garvi.com\\\/calidad\\\/#breadcrumb\",\"itemListElement\":[{\"@type\":\"ListItem\",\"position\":1,\"name\":\"Portada\",\"item\":\"https:\\\/\\\/garvi.com\\\/\"},{\"@type\":\"ListItem\",\"position\":2,\"name\":\"Quality\"}]},{\"@type\":\"WebSite\",\"@id\":\"https:\\\/\\\/garvi.com\\\/#website\",\"url\":\"https:\\\/\\\/garvi.com\\\/\",\"name\":\"Garvi Industrial, S.A.\",\"description\":\"Especialistas en estampaci\u00f3n de piezas met\u00e1licas principalmente para el sector de la automoci\u00f3n.\",\"publisher\":{\"@id\":\"https:\\\/\\\/garvi.com\\\/#organization\"},\"potentialAction\":[{\"@type\":\"SearchAction\",\"target\":{\"@type\":\"EntryPoint\",\"urlTemplate\":\"https:\\\/\\\/garvi.com\\\/?s={search_term_string}\"},\"query-input\":{\"@type\":\"PropertyValueSpecification\",\"valueRequired\":true,\"valueName\":\"search_term_string\"}}],\"inLanguage\":\"en-US\"},{\"@type\":\"Organization\",\"@id\":\"https:\\\/\\\/garvi.com\\\/#organization\",\"name\":\"Garvi Industrial, S.A.\",\"url\":\"https:\\\/\\\/garvi.com\\\/\",\"logo\":{\"@type\":\"ImageObject\",\"inLanguage\":\"en-US\",\"@id\":\"https:\\\/\\\/garvi.com\\\/#\\\/schema\\\/logo\\\/image\\\/\",\"url\":\"https:\\\/\\\/garvi.com\\\/wp-content\\\/uploads\\\/2024\\\/03\\\/Garvi_Industrial_SA.png\",\"contentUrl\":\"https:\\\/\\\/garvi.com\\\/wp-content\\\/uploads\\\/2024\\\/03\\\/Garvi_Industrial_SA.png\",\"width\":195,\"height\":128,\"caption\":\"Garvi Industrial, S.A.\"},\"image\":{\"@id\":\"https:\\\/\\\/garvi.com\\\/#\\\/schema\\\/logo\\\/image\\\/\"}}]}<\/script>\n<!-- \/ Yoast SEO plugin. -->","yoast_head_json":{"title":"Quality - Garvi Industrial, S.A.","robots":{"index":"index","follow":"follow","max-snippet":"max-snippet:-1","max-image-preview":"max-image-preview:large","max-video-preview":"max-video-preview:-1"},"canonical":"https:\/\/garvi.com\/calidad\/","og_locale":"en_US","og_type":"article","og_title":"Quality - Garvi Industrial, S.A.","og_description":"QualityGarvi is a sign of quality and service Quality is our top priority! With ISO IATF certifications, we guarantee excellence in quality management. We are also proud of our commitment to sustainable development, backed by our recent achievement of ISO 14001. Our customers value our commitment to quality, innovation and social and environmental responsibility. Pol\u00edtica [&hellip;]","og_url":"https:\/\/garvi.com\/calidad\/","og_site_name":"Garvi Industrial, S.A.","article_modified_time":"2024-12-05T16:02:11+00:00","og_image":[{"width":1151,"height":1726,"url":"https:\/\/garvi.com\/wp-content\/uploads\/2024\/02\/Garvi_calidad-1.jpg","type":"image\/jpeg"}],"twitter_card":"summary_large_image","twitter_misc":{"Est. reading time":"2 minutes"},"schema":{"@context":"https:\/\/schema.org","@graph":[{"@type":"WebPage","@id":"https:\/\/garvi.com\/calidad\/","url":"https:\/\/garvi.com\/calidad\/","name":"Quality - Garvi Industrial, S.A.","isPartOf":{"@id":"https:\/\/garvi.com\/#website"},"primaryImageOfPage":{"@id":"https:\/\/garvi.com\/calidad\/#primaryimage"},"image":{"@id":"https:\/\/garvi.com\/calidad\/#primaryimage"},"thumbnailUrl":"https:\/\/garvi.com\/wp-content\/uploads\/2024\/02\/Garvi_calidad-1.jpg","datePublished":"2023-03-30T12:00:26+00:00","dateModified":"2024-12-05T16:02:11+00:00","breadcrumb":{"@id":"https:\/\/garvi.com\/calidad\/#breadcrumb"},"inLanguage":"en-US","potentialAction":[{"@type":"ReadAction","target":["https:\/\/garvi.com\/calidad\/"]}]},{"@type":"ImageObject","inLanguage":"en-US","@id":"https:\/\/garvi.com\/calidad\/#primaryimage","url":"https:\/\/garvi.com\/wp-content\/uploads\/2024\/02\/Garvi_calidad-1.jpg","contentUrl":"https:\/\/garvi.com\/wp-content\/uploads\/2024\/02\/Garvi_calidad-1.jpg"},{"@type":"BreadcrumbList","@id":"https:\/\/garvi.com\/calidad\/#breadcrumb","itemListElement":[{"@type":"ListItem","position":1,"name":"Portada","item":"https:\/\/garvi.com\/"},{"@type":"ListItem","position":2,"name":"Quality"}]},{"@type":"WebSite","@id":"https:\/\/garvi.com\/#website","url":"https:\/\/garvi.com\/","name":"Garvi Industrial, S.A.","description":"Especialistas en estampaci\u00f3n de piezas met\u00e1licas principalmente para el sector de la automoci\u00f3n.","publisher":{"@id":"https:\/\/garvi.com\/#organization"},"potentialAction":[{"@type":"SearchAction","target":{"@type":"EntryPoint","urlTemplate":"https:\/\/garvi.com\/?s={search_term_string}"},"query-input":{"@type":"PropertyValueSpecification","valueRequired":true,"valueName":"search_term_string"}}],"inLanguage":"en-US"},{"@type":"Organization","@id":"https:\/\/garvi.com\/#organization","name":"Garvi Industrial, S.A.","url":"https:\/\/garvi.com\/","logo":{"@type":"ImageObject","inLanguage":"en-US","@id":"https:\/\/garvi.com\/#\/schema\/logo\/image\/","url":"https:\/\/garvi.com\/wp-content\/uploads\/2024\/03\/Garvi_Industrial_SA.png","contentUrl":"https:\/\/garvi.com\/wp-content\/uploads\/2024\/03\/Garvi_Industrial_SA.png","width":195,"height":128,"caption":"Garvi Industrial, S.A."},"image":{"@id":"https:\/\/garvi.com\/#\/schema\/logo\/image\/"}}]}},"_links":{"self":[{"href":"https:\/\/garvi.com\/en\/wp-json\/wp\/v2\/pages\/1135","targetHints":{"allow":["GET"]}}],"collection":[{"href":"https:\/\/garvi.com\/en\/wp-json\/wp\/v2\/pages"}],"about":[{"href":"https:\/\/garvi.com\/en\/wp-json\/wp\/v2\/types\/page"}],"author":[{"embeddable":true,"href":"https:\/\/garvi.com\/en\/wp-json\/wp\/v2\/users\/1"}],"replies":[{"embeddable":true,"href":"https:\/\/garvi.com\/en\/wp-json\/wp\/v2\/comments?post=1135"}],"version-history":[{"count":40,"href":"https:\/\/garvi.com\/en\/wp-json\/wp\/v2\/pages\/1135\/revisions"}],"predecessor-version":[{"id":2348,"href":"https:\/\/garvi.com\/en\/wp-json\/wp\/v2\/pages\/1135\/revisions\/2348"}],"wp:attachment":[{"href":"https:\/\/garvi.com\/en\/wp-json\/wp\/v2\/media?parent=1135"}],"curies":[{"name":"wp","href":"https:\/\/api.w.org\/{rel}","templated":true}]}}