{"id":2530,"date":"2026-02-10T11:36:34","date_gmt":"2026-02-10T10:36:34","guid":{"rendered":"https:\/\/garvi.com\/?page_id=2530"},"modified":"2026-02-10T11:39:53","modified_gmt":"2026-02-10T10:39:53","slug":"politica-de-xarxes-socials","status":"publish","type":"page","link":"https:\/\/garvi.com\/ca\/politica-de-xarxes-socials\/","title":{"rendered":"Pol\u00edtica de Xarxes Socials"},"content":{"rendered":"\t\t<div data-elementor-type=\"wp-page\" data-elementor-id=\"2530\" class=\"elementor elementor-2530 elementor-2525\" data-elementor-post-type=\"page\">\n\t\t\t\t\t\t<section class=\"elementor-section elementor-top-section elementor-element elementor-element-b4ba041 elementor-section-boxed elementor-section-height-default elementor-section-height-default\" data-id=\"b4ba041\" data-element_type=\"section\" data-e-type=\"section\">\n\t\t\t\t\t\t<div class=\"elementor-container elementor-column-gap-default\">\n\t\t\t\t\t<div class=\"elementor-column elementor-col-100 elementor-top-column elementor-element elementor-element-79d2d98\" data-id=\"79d2d98\" data-element_type=\"column\" data-e-type=\"column\">\n\t\t\t<div class=\"elementor-widget-wrap elementor-element-populated\">\n\t\t\t\t\t\t<div class=\"elementor-element elementor-element-ce5b619 elementor-widget elementor-widget-text-editor\" data-id=\"ce5b619\" data-element_type=\"widget\" data-e-type=\"widget\" data-widget_type=\"text-editor.default\">\n\t\t\t\t<div class=\"elementor-widget-container\">\n\t\t\t\t\t\t\t\t\t<p>Les xarxes socials de l\u2019empresa tenen com a finalitat informar i comunicar-se amb la seva comunitat.<\/p><p>Es fomenta la participaci\u00f3 dels usuaris sempre que els comentaris es realitzin de manera respectuosa i d\u2019acord amb la legalitat vigent. No es permetran continguts ofensius, discriminatoris, difamatoris, ni aquells que vulnerin drets de tercers o que no estiguin relacionats amb la tem\u00e0tica tractada.<\/p><p>L\u2019empresa es reserva el dret de moderar, ocultar o eliminar els continguts que incompleixin aquesta pol\u00edtica, aix\u00ed com de bloquejar els usuaris que facin un \u00fas indegut dels perfils.<\/p><p>Les opinions expressades per tercers no reflecteixen necess\u00e0riament la posici\u00f3 de l\u2019empresa.<\/p>\t\t\t\t\t\t\t\t<\/div>\n\t\t\t\t<\/div>\n\t\t\t\t\t<\/div>\n\t\t<\/div>\n\t\t\t\t\t<\/div>\n\t\t<\/section>\n\t\t\t\t<\/div>\n\t\t","protected":false},"excerpt":{"rendered":"<p>Les xarxes socials de l\u2019empresa tenen com a finalitat informar i comunicar-se amb la seva comunitat. Es fomenta la participaci\u00f3 dels usuaris sempre que els comentaris es realitzin de manera respectuosa i d\u2019acord amb la legalitat vigent. No es permetran continguts ofensius, discriminatoris, difamatoris, ni aquells que vulnerin drets de tercers o que no estiguin [&hellip;]<\/p>\n","protected":false},"author":1,"featured_media":0,"parent":0,"menu_order":0,"comment_status":"closed","ping_status":"closed","template":"","meta":{"footnotes":""},"class_list":["post-2530","page","type-page","status-publish","hentry"],"yoast_head":"<!-- This site is optimized with the Yoast SEO plugin v27.3 - https:\/\/yoast.com\/product\/yoast-seo-wordpress\/ -->\n<title>Pol\u00edtica de Xarxes Socials - Garvi Industrial, S.A.<\/title>\n<meta name=\"robots\" content=\"index, follow, max-snippet:-1, max-image-preview:large, max-video-preview:-1\" \/>\n<link rel=\"canonical\" href=\"https:\/\/garvi.com\/ca\/politica-de-xarxes-socials\/\" \/>\n<meta property=\"og:locale\" content=\"ca_ES\" \/>\n<meta property=\"og:type\" content=\"article\" \/>\n<meta property=\"og:title\" content=\"Pol\u00edtica de Xarxes Socials - Garvi Industrial, S.A.\" \/>\n<meta property=\"og:description\" content=\"Les xarxes socials de l\u2019empresa tenen com a finalitat informar i comunicar-se amb la seva comunitat. Es fomenta la participaci\u00f3 dels usuaris sempre que els comentaris es realitzin de manera respectuosa i d\u2019acord amb la legalitat vigent. No es permetran continguts ofensius, discriminatoris, difamatoris, ni aquells que vulnerin drets de tercers o que no estiguin [&hellip;]\" \/>\n<meta property=\"og:url\" content=\"https:\/\/garvi.com\/ca\/politica-de-xarxes-socials\/\" \/>\n<meta property=\"og:site_name\" content=\"Garvi Industrial, S.A.\" \/>\n<meta property=\"article:modified_time\" content=\"2026-02-10T10:39:53+00:00\" \/>\n<meta name=\"twitter:card\" content=\"summary_large_image\" \/>\n<meta name=\"twitter:label1\" content=\"Temps estimat de lectura\" \/>\n\t<meta name=\"twitter:data1\" content=\"1 minut\" \/>\n<script type=\"application\/ld+json\" class=\"yoast-schema-graph\">{\"@context\":\"https:\\\/\\\/schema.org\",\"@graph\":[{\"@type\":\"WebPage\",\"@id\":\"https:\\\/\\\/garvi.com\\\/ca\\\/politica-de-xarxes-socials\\\/\",\"url\":\"https:\\\/\\\/garvi.com\\\/ca\\\/politica-de-xarxes-socials\\\/\",\"name\":\"Pol\u00edtica de Xarxes Socials - Garvi Industrial, S.A.\",\"isPartOf\":{\"@id\":\"https:\\\/\\\/garvi.com\\\/#website\"},\"datePublished\":\"2026-02-10T10:36:34+00:00\",\"dateModified\":\"2026-02-10T10:39:53+00:00\",\"breadcrumb\":{\"@id\":\"https:\\\/\\\/garvi.com\\\/ca\\\/politica-de-xarxes-socials\\\/#breadcrumb\"},\"inLanguage\":\"ca\",\"potentialAction\":[{\"@type\":\"ReadAction\",\"target\":[\"https:\\\/\\\/garvi.com\\\/ca\\\/politica-de-xarxes-socials\\\/\"]}]},{\"@type\":\"BreadcrumbList\",\"@id\":\"https:\\\/\\\/garvi.com\\\/ca\\\/politica-de-xarxes-socials\\\/#breadcrumb\",\"itemListElement\":[{\"@type\":\"ListItem\",\"position\":1,\"name\":\"Portada\",\"item\":\"https:\\\/\\\/garvi.com\\\/\"},{\"@type\":\"ListItem\",\"position\":2,\"name\":\"Pol\u00edtica de Xarxes Socials\"}]},{\"@type\":\"WebSite\",\"@id\":\"https:\\\/\\\/garvi.com\\\/#website\",\"url\":\"https:\\\/\\\/garvi.com\\\/\",\"name\":\"Garvi Industrial, S.A.\",\"description\":\"Especialistas en estampaci\u00f3n de piezas met\u00e1licas principalmente para el sector de la automoci\u00f3n.\",\"publisher\":{\"@id\":\"https:\\\/\\\/garvi.com\\\/#organization\"},\"potentialAction\":[{\"@type\":\"SearchAction\",\"target\":{\"@type\":\"EntryPoint\",\"urlTemplate\":\"https:\\\/\\\/garvi.com\\\/?s={search_term_string}\"},\"query-input\":{\"@type\":\"PropertyValueSpecification\",\"valueRequired\":true,\"valueName\":\"search_term_string\"}}],\"inLanguage\":\"ca\"},{\"@type\":\"Organization\",\"@id\":\"https:\\\/\\\/garvi.com\\\/#organization\",\"name\":\"Garvi Industrial, S.A.\",\"url\":\"https:\\\/\\\/garvi.com\\\/\",\"logo\":{\"@type\":\"ImageObject\",\"inLanguage\":\"ca\",\"@id\":\"https:\\\/\\\/garvi.com\\\/#\\\/schema\\\/logo\\\/image\\\/\",\"url\":\"https:\\\/\\\/garvi.com\\\/wp-content\\\/uploads\\\/2024\\\/03\\\/Garvi_Industrial_SA.png\",\"contentUrl\":\"https:\\\/\\\/garvi.com\\\/wp-content\\\/uploads\\\/2024\\\/03\\\/Garvi_Industrial_SA.png\",\"width\":195,\"height\":128,\"caption\":\"Garvi Industrial, S.A.\"},\"image\":{\"@id\":\"https:\\\/\\\/garvi.com\\\/#\\\/schema\\\/logo\\\/image\\\/\"}}]}<\/script>\n<!-- \/ Yoast SEO plugin. -->","yoast_head_json":{"title":"Pol\u00edtica de Xarxes Socials - Garvi Industrial, S.A.","robots":{"index":"index","follow":"follow","max-snippet":"max-snippet:-1","max-image-preview":"max-image-preview:large","max-video-preview":"max-video-preview:-1"},"canonical":"https:\/\/garvi.com\/ca\/politica-de-xarxes-socials\/","og_locale":"ca_ES","og_type":"article","og_title":"Pol\u00edtica de Xarxes Socials - Garvi Industrial, S.A.","og_description":"Les xarxes socials de l\u2019empresa tenen com a finalitat informar i comunicar-se amb la seva comunitat. Es fomenta la participaci\u00f3 dels usuaris sempre que els comentaris es realitzin de manera respectuosa i d\u2019acord amb la legalitat vigent. No es permetran continguts ofensius, discriminatoris, difamatoris, ni aquells que vulnerin drets de tercers o que no estiguin [&hellip;]","og_url":"https:\/\/garvi.com\/ca\/politica-de-xarxes-socials\/","og_site_name":"Garvi Industrial, S.A.","article_modified_time":"2026-02-10T10:39:53+00:00","twitter_card":"summary_large_image","twitter_misc":{"Temps estimat de lectura":"1 minut"},"schema":{"@context":"https:\/\/schema.org","@graph":[{"@type":"WebPage","@id":"https:\/\/garvi.com\/ca\/politica-de-xarxes-socials\/","url":"https:\/\/garvi.com\/ca\/politica-de-xarxes-socials\/","name":"Pol\u00edtica de Xarxes Socials - Garvi Industrial, S.A.","isPartOf":{"@id":"https:\/\/garvi.com\/#website"},"datePublished":"2026-02-10T10:36:34+00:00","dateModified":"2026-02-10T10:39:53+00:00","breadcrumb":{"@id":"https:\/\/garvi.com\/ca\/politica-de-xarxes-socials\/#breadcrumb"},"inLanguage":"ca","potentialAction":[{"@type":"ReadAction","target":["https:\/\/garvi.com\/ca\/politica-de-xarxes-socials\/"]}]},{"@type":"BreadcrumbList","@id":"https:\/\/garvi.com\/ca\/politica-de-xarxes-socials\/#breadcrumb","itemListElement":[{"@type":"ListItem","position":1,"name":"Portada","item":"https:\/\/garvi.com\/"},{"@type":"ListItem","position":2,"name":"Pol\u00edtica de Xarxes Socials"}]},{"@type":"WebSite","@id":"https:\/\/garvi.com\/#website","url":"https:\/\/garvi.com\/","name":"Garvi Industrial, S.A.","description":"Especialistas en estampaci\u00f3n de piezas met\u00e1licas principalmente para el sector de la automoci\u00f3n.","publisher":{"@id":"https:\/\/garvi.com\/#organization"},"potentialAction":[{"@type":"SearchAction","target":{"@type":"EntryPoint","urlTemplate":"https:\/\/garvi.com\/?s={search_term_string}"},"query-input":{"@type":"PropertyValueSpecification","valueRequired":true,"valueName":"search_term_string"}}],"inLanguage":"ca"},{"@type":"Organization","@id":"https:\/\/garvi.com\/#organization","name":"Garvi Industrial, S.A.","url":"https:\/\/garvi.com\/","logo":{"@type":"ImageObject","inLanguage":"ca","@id":"https:\/\/garvi.com\/#\/schema\/logo\/image\/","url":"https:\/\/garvi.com\/wp-content\/uploads\/2024\/03\/Garvi_Industrial_SA.png","contentUrl":"https:\/\/garvi.com\/wp-content\/uploads\/2024\/03\/Garvi_Industrial_SA.png","width":195,"height":128,"caption":"Garvi Industrial, S.A."},"image":{"@id":"https:\/\/garvi.com\/#\/schema\/logo\/image\/"}}]}},"_links":{"self":[{"href":"https:\/\/garvi.com\/ca\/wp-json\/wp\/v2\/pages\/2530","targetHints":{"allow":["GET"]}}],"collection":[{"href":"https:\/\/garvi.com\/ca\/wp-json\/wp\/v2\/pages"}],"about":[{"href":"https:\/\/garvi.com\/ca\/wp-json\/wp\/v2\/types\/page"}],"author":[{"embeddable":true,"href":"https:\/\/garvi.com\/ca\/wp-json\/wp\/v2\/users\/1"}],"replies":[{"embeddable":true,"href":"https:\/\/garvi.com\/ca\/wp-json\/wp\/v2\/comments?post=2530"}],"version-history":[{"count":4,"href":"https:\/\/garvi.com\/ca\/wp-json\/wp\/v2\/pages\/2530\/revisions"}],"predecessor-version":[{"id":2534,"href":"https:\/\/garvi.com\/ca\/wp-json\/wp\/v2\/pages\/2530\/revisions\/2534"}],"wp:attachment":[{"href":"https:\/\/garvi.com\/ca\/wp-json\/wp\/v2\/media?parent=2530"}],"curies":[{"name":"wp","href":"https:\/\/api.w.org\/{rel}","templated":true}]}}