{"id":2505,"date":"2026-02-10T10:18:48","date_gmt":"2026-02-10T09:18:48","guid":{"rendered":"https:\/\/garvi.com\/?page_id=2505"},"modified":"2026-02-10T10:28:50","modified_gmt":"2026-02-10T09:28:50","slug":"politica-cookies","status":"publish","type":"page","link":"https:\/\/garvi.com\/ca\/politica-cookies\/","title":{"rendered":"Pol\u00edtica de cookies"},"content":{"rendered":"\t\t<div data-elementor-type=\"wp-page\" data-elementor-id=\"2505\" class=\"elementor elementor-2505 elementor-2498\" data-elementor-post-type=\"page\">\n\t\t\t\t\t\t<section class=\"elementor-section elementor-top-section elementor-element elementor-element-6c88652 elementor-section-boxed elementor-section-height-default elementor-section-height-default\" data-id=\"6c88652\" data-element_type=\"section\" data-e-type=\"section\">\n\t\t\t\t\t\t<div class=\"elementor-container elementor-column-gap-default\">\n\t\t\t\t\t<div class=\"elementor-column elementor-col-100 elementor-top-column elementor-element elementor-element-496694e\" data-id=\"496694e\" data-element_type=\"column\" data-e-type=\"column\">\n\t\t\t<div class=\"elementor-widget-wrap elementor-element-populated\">\n\t\t\t\t\t\t<div class=\"elementor-element elementor-element-ffa7f4c elementor-widget elementor-widget-text-editor\" data-id=\"ffa7f4c\" data-element_type=\"widget\" data-e-type=\"widget\" data-widget_type=\"text-editor.default\">\n\t\t\t\t<div class=\"elementor-widget-container\">\n\t\t\t\t\t\t\t\t\t<p data-path-to-node=\"2\"><b data-path-to-node=\"2\" data-index-in-node=\"0\">Data d&#8217;entrada en vigor:<\/b> 15 de maig de 2024<\/p>\n\n<h2 data-path-to-node=\"3\">Qu\u00e8 s\u00f3n les galetes?<\/h2>\n<p data-path-to-node=\"4\">Aquesta Pol\u00edtica de Galetes explica qu\u00e8 s\u00f3n les galetes i com les utilitzem, els tipus de galetes que fem servir (\u00e9s a dir, la informaci\u00f3 que recopilem a trav\u00e9s d&#8217;elles i com s&#8217;utilitza aquesta informaci\u00f3) i com gestionar les vostres prefer\u00e8ncies de configuraci\u00f3.<\/p>\n<p data-path-to-node=\"5\">Les galetes s\u00f3n petits fitxers de text que s&#8217;utilitzen per emmagatzemar fragments d&#8217;informaci\u00f3. Aquests s&#8217;emmagatzemen al vostre dispositiu quan el lloc web es carrega al vostre navegador. Aquestes galetes ens ajuden a garantir el funcionament correcte del lloc web, a fer-lo m\u00e9s segur, a oferir una millor experi\u00e8ncia d&#8217;usuari i a analitzar el rendiment del lloc per entendre qu\u00e8 funciona i on cal millorar.<\/p>\n\n<h2 data-path-to-node=\"6\">Com utilitzem les galetes?<\/h2>\n<p data-path-to-node=\"7\">Com la majoria dels serveis en l\u00ednia, el nostre lloc web utilitza galetes pr\u00f2pies i de tercers amb diverses finalitats. Les <b data-path-to-node=\"7\" data-index-in-node=\"131\">galetes pr\u00f2pies<\/b> s\u00f3n, majorit\u00e0riament, necess\u00e0ries perqu\u00e8 el lloc web funcioni correctament i no recopilen cap dada que permeti identificar-vos personalment.<\/p>\n<p data-path-to-node=\"8\">Les <b data-path-to-node=\"8\" data-index-in-node=\"4\">galetes de tercers<\/b> que utilitzem al nostre lloc web serveixen principalment per analitzar el rendiment del lloc, saber com interactueu amb nosaltres, mantenir la seguretat dels nostres serveis i oferir anuncis que siguin rellevants per a vosaltres. En definitiva, el seu objectiu \u00e9s proporcionar-vos una experi\u00e8ncia d&#8217;usuari millorada i agilitzar les vostres futures interaccions amb el nostre lloc web.<\/p>\n<p data-path-to-node=\"9\">[wcc_category_list]<\/p>\n\n<h2 data-path-to-node=\"10\">Gesti\u00f3 de prefer\u00e8ncies de galetes<\/h2>\n<p data-path-to-node=\"11\">Podeu canviar les vostres prefer\u00e8ncies de galetes en qualsevol moment fent clic al bot\u00f3 [wcc_preference_button]. Aix\u00f2 us permetr\u00e0 tornar a accedir al b\u00e0ner de consentiment de galetes per modificar les vostres prefer\u00e8ncies o retirar el vostre consentiment de forma immediata.<\/p>\n<p data-path-to-node=\"12\">Aix\u00ed mateix, els diferents navegadors ofereixen diferents m\u00e8todes per bloquejar i eliminar les galetes utilitzades pels llocs web. Podeu ajustar la configuraci\u00f3 del vostre navegador per bloquejar o eliminar les galetes. A continuaci\u00f3, es faciliten els enlla\u00e7os als documents de suport sobre com gestionar i eliminar galetes en els principals navegadors web:<\/p>\n\n<ul data-path-to-node=\"13\">\n \t<li>\n<p data-path-to-node=\"13,0,0\"><b data-path-to-node=\"13,0,0\" data-index-in-node=\"0\">Chrome:<\/b> <a class=\"ng-star-inserted\" href=\"https:\/\/support.google.com\/accounts\/answer\/32050\" target=\"_blank\" rel=\"noopener\">https:\/\/support.google.com\/accounts\/answer\/32050<\/a><\/p>\n<\/li>\n \t<li>\n<p data-path-to-node=\"13,1,0\"><b data-path-to-node=\"13,1,0\" data-index-in-node=\"0\">Safari:<\/b> <a class=\"ng-star-inserted\" href=\"https:\/\/support.apple.com\/es-es\/guide\/safari\/sfri11471\/mac\" target=\"_blank\" rel=\"noopener\">https:\/\/support.apple.com\/es-es\/guide\/safari\/sfri11471\/mac<\/a><\/p>\n<\/li>\n \t<li>\n<p data-path-to-node=\"13,2,0\"><b data-path-to-node=\"13,2,0\" data-index-in-node=\"0\">Firefox:<\/b> <a class=\"ng-star-inserted\" href=\"https:\/\/support.mozilla.org\/es\/kb\/habilitar-y-deshabilitar-cookies-sitios-web-rastrear-preferencias\" target=\"_blank\" rel=\"noopener\">https:\/\/support.mozilla.org\/es\/kb\/habilitar-y-deshabilitar-cookies-sitios-web-rastrear-preferencias<\/a><\/p>\n<\/li>\n \t<li>\n<p data-path-to-node=\"13,3,0\"><b data-path-to-node=\"13,3,0\" data-index-in-node=\"0\">Microsoft Edge:<\/b> <a class=\"ng-star-inserted\" href=\"https:\/\/www.google.com\/search?q=https:\/\/support.microsoft.com\/es-es\/microsoft-edge\/eliminar-cookies-en-microsoft-edge-63491174-50ee-a651-a00e-57e42d786211\" target=\"_blank\" rel=\"noopener\">Eliminar galetes a Microsoft Edge<\/a><\/p>\n<\/li>\n<\/ul>\n<p data-path-to-node=\"14\">Si utilitzeu qualsevol altre navegador web, si us plau, consulteu la documentaci\u00f3 oficial de suport del vostre navegador.<\/p>\t\t\t\t\t\t\t\t<\/div>\n\t\t\t\t<\/div>\n\t\t\t\t\t<\/div>\n\t\t<\/div>\n\t\t\t\t\t<\/div>\n\t\t<\/section>\n\t\t\t\t<\/div>\n\t\t","protected":false},"excerpt":{"rendered":"<p>Data d&#8217;entrada en vigor: 15 de maig de 2024 Qu\u00e8 s\u00f3n les galetes? Aquesta Pol\u00edtica de Galetes explica qu\u00e8 s\u00f3n les galetes i com les utilitzem, els tipus de galetes que fem servir (\u00e9s a dir, la informaci\u00f3 que recopilem a trav\u00e9s d&#8217;elles i com s&#8217;utilitza aquesta informaci\u00f3) i com gestionar les vostres prefer\u00e8ncies de [&hellip;]<\/p>\n","protected":false},"author":1,"featured_media":0,"parent":0,"menu_order":0,"comment_status":"closed","ping_status":"closed","template":"","meta":{"footnotes":""},"class_list":["post-2505","page","type-page","status-publish","hentry"],"yoast_head":"<!-- This site is optimized with the Yoast SEO plugin v27.3 - https:\/\/yoast.com\/product\/yoast-seo-wordpress\/ -->\n<title>Pol\u00edtica de cookies - Garvi Industrial, S.A.<\/title>\n<meta name=\"robots\" content=\"index, follow, max-snippet:-1, max-image-preview:large, max-video-preview:-1\" \/>\n<link rel=\"canonical\" href=\"https:\/\/garvi.com\/ca\/politica-cookies\/\" \/>\n<meta property=\"og:locale\" content=\"ca_ES\" \/>\n<meta property=\"og:type\" content=\"article\" \/>\n<meta property=\"og:title\" content=\"Pol\u00edtica de cookies - Garvi Industrial, S.A.\" \/>\n<meta property=\"og:description\" content=\"Data d&#8217;entrada en vigor: 15 de maig de 2024 Qu\u00e8 s\u00f3n les galetes? Aquesta Pol\u00edtica de Galetes explica qu\u00e8 s\u00f3n les galetes i com les utilitzem, els tipus de galetes que fem servir (\u00e9s a dir, la informaci\u00f3 que recopilem a trav\u00e9s d&#8217;elles i com s&#8217;utilitza aquesta informaci\u00f3) i com gestionar les vostres prefer\u00e8ncies de [&hellip;]\" \/>\n<meta property=\"og:url\" content=\"https:\/\/garvi.com\/ca\/politica-cookies\/\" \/>\n<meta property=\"og:site_name\" content=\"Garvi Industrial, S.A.\" \/>\n<meta property=\"article:modified_time\" content=\"2026-02-10T09:28:50+00:00\" \/>\n<meta name=\"twitter:card\" content=\"summary_large_image\" \/>\n<meta name=\"twitter:label1\" content=\"Temps estimat de lectura\" \/>\n\t<meta name=\"twitter:data1\" content=\"2 minuts\" \/>\n<script type=\"application\/ld+json\" class=\"yoast-schema-graph\">{\"@context\":\"https:\\\/\\\/schema.org\",\"@graph\":[{\"@type\":\"WebPage\",\"@id\":\"https:\\\/\\\/garvi.com\\\/ca\\\/politica-cookies\\\/\",\"url\":\"https:\\\/\\\/garvi.com\\\/ca\\\/politica-cookies\\\/\",\"name\":\"Pol\u00edtica de cookies - Garvi Industrial, S.A.\",\"isPartOf\":{\"@id\":\"https:\\\/\\\/garvi.com\\\/#website\"},\"datePublished\":\"2026-02-10T09:18:48+00:00\",\"dateModified\":\"2026-02-10T09:28:50+00:00\",\"breadcrumb\":{\"@id\":\"https:\\\/\\\/garvi.com\\\/ca\\\/politica-cookies\\\/#breadcrumb\"},\"inLanguage\":\"ca\",\"potentialAction\":[{\"@type\":\"ReadAction\",\"target\":[\"https:\\\/\\\/garvi.com\\\/ca\\\/politica-cookies\\\/\"]}]},{\"@type\":\"BreadcrumbList\",\"@id\":\"https:\\\/\\\/garvi.com\\\/ca\\\/politica-cookies\\\/#breadcrumb\",\"itemListElement\":[{\"@type\":\"ListItem\",\"position\":1,\"name\":\"Portada\",\"item\":\"https:\\\/\\\/garvi.com\\\/\"},{\"@type\":\"ListItem\",\"position\":2,\"name\":\"Pol\u00edtica de cookies\"}]},{\"@type\":\"WebSite\",\"@id\":\"https:\\\/\\\/garvi.com\\\/#website\",\"url\":\"https:\\\/\\\/garvi.com\\\/\",\"name\":\"Garvi Industrial, S.A.\",\"description\":\"Especialistas en estampaci\u00f3n de piezas met\u00e1licas principalmente para el sector de la automoci\u00f3n.\",\"publisher\":{\"@id\":\"https:\\\/\\\/garvi.com\\\/#organization\"},\"potentialAction\":[{\"@type\":\"SearchAction\",\"target\":{\"@type\":\"EntryPoint\",\"urlTemplate\":\"https:\\\/\\\/garvi.com\\\/?s={search_term_string}\"},\"query-input\":{\"@type\":\"PropertyValueSpecification\",\"valueRequired\":true,\"valueName\":\"search_term_string\"}}],\"inLanguage\":\"ca\"},{\"@type\":\"Organization\",\"@id\":\"https:\\\/\\\/garvi.com\\\/#organization\",\"name\":\"Garvi Industrial, S.A.\",\"url\":\"https:\\\/\\\/garvi.com\\\/\",\"logo\":{\"@type\":\"ImageObject\",\"inLanguage\":\"ca\",\"@id\":\"https:\\\/\\\/garvi.com\\\/#\\\/schema\\\/logo\\\/image\\\/\",\"url\":\"https:\\\/\\\/garvi.com\\\/wp-content\\\/uploads\\\/2024\\\/03\\\/Garvi_Industrial_SA.png\",\"contentUrl\":\"https:\\\/\\\/garvi.com\\\/wp-content\\\/uploads\\\/2024\\\/03\\\/Garvi_Industrial_SA.png\",\"width\":195,\"height\":128,\"caption\":\"Garvi Industrial, S.A.\"},\"image\":{\"@id\":\"https:\\\/\\\/garvi.com\\\/#\\\/schema\\\/logo\\\/image\\\/\"}}]}<\/script>\n<!-- \/ Yoast SEO plugin. -->","yoast_head_json":{"title":"Pol\u00edtica de cookies - Garvi Industrial, S.A.","robots":{"index":"index","follow":"follow","max-snippet":"max-snippet:-1","max-image-preview":"max-image-preview:large","max-video-preview":"max-video-preview:-1"},"canonical":"https:\/\/garvi.com\/ca\/politica-cookies\/","og_locale":"ca_ES","og_type":"article","og_title":"Pol\u00edtica de cookies - Garvi Industrial, S.A.","og_description":"Data d&#8217;entrada en vigor: 15 de maig de 2024 Qu\u00e8 s\u00f3n les galetes? Aquesta Pol\u00edtica de Galetes explica qu\u00e8 s\u00f3n les galetes i com les utilitzem, els tipus de galetes que fem servir (\u00e9s a dir, la informaci\u00f3 que recopilem a trav\u00e9s d&#8217;elles i com s&#8217;utilitza aquesta informaci\u00f3) i com gestionar les vostres prefer\u00e8ncies de [&hellip;]","og_url":"https:\/\/garvi.com\/ca\/politica-cookies\/","og_site_name":"Garvi Industrial, S.A.","article_modified_time":"2026-02-10T09:28:50+00:00","twitter_card":"summary_large_image","twitter_misc":{"Temps estimat de lectura":"2 minuts"},"schema":{"@context":"https:\/\/schema.org","@graph":[{"@type":"WebPage","@id":"https:\/\/garvi.com\/ca\/politica-cookies\/","url":"https:\/\/garvi.com\/ca\/politica-cookies\/","name":"Pol\u00edtica de cookies - Garvi Industrial, S.A.","isPartOf":{"@id":"https:\/\/garvi.com\/#website"},"datePublished":"2026-02-10T09:18:48+00:00","dateModified":"2026-02-10T09:28:50+00:00","breadcrumb":{"@id":"https:\/\/garvi.com\/ca\/politica-cookies\/#breadcrumb"},"inLanguage":"ca","potentialAction":[{"@type":"ReadAction","target":["https:\/\/garvi.com\/ca\/politica-cookies\/"]}]},{"@type":"BreadcrumbList","@id":"https:\/\/garvi.com\/ca\/politica-cookies\/#breadcrumb","itemListElement":[{"@type":"ListItem","position":1,"name":"Portada","item":"https:\/\/garvi.com\/"},{"@type":"ListItem","position":2,"name":"Pol\u00edtica de cookies"}]},{"@type":"WebSite","@id":"https:\/\/garvi.com\/#website","url":"https:\/\/garvi.com\/","name":"Garvi Industrial, S.A.","description":"Especialistas en estampaci\u00f3n de piezas met\u00e1licas principalmente para el sector de la automoci\u00f3n.","publisher":{"@id":"https:\/\/garvi.com\/#organization"},"potentialAction":[{"@type":"SearchAction","target":{"@type":"EntryPoint","urlTemplate":"https:\/\/garvi.com\/?s={search_term_string}"},"query-input":{"@type":"PropertyValueSpecification","valueRequired":true,"valueName":"search_term_string"}}],"inLanguage":"ca"},{"@type":"Organization","@id":"https:\/\/garvi.com\/#organization","name":"Garvi Industrial, S.A.","url":"https:\/\/garvi.com\/","logo":{"@type":"ImageObject","inLanguage":"ca","@id":"https:\/\/garvi.com\/#\/schema\/logo\/image\/","url":"https:\/\/garvi.com\/wp-content\/uploads\/2024\/03\/Garvi_Industrial_SA.png","contentUrl":"https:\/\/garvi.com\/wp-content\/uploads\/2024\/03\/Garvi_Industrial_SA.png","width":195,"height":128,"caption":"Garvi Industrial, S.A."},"image":{"@id":"https:\/\/garvi.com\/#\/schema\/logo\/image\/"}}]}},"_links":{"self":[{"href":"https:\/\/garvi.com\/ca\/wp-json\/wp\/v2\/pages\/2505","targetHints":{"allow":["GET"]}}],"collection":[{"href":"https:\/\/garvi.com\/ca\/wp-json\/wp\/v2\/pages"}],"about":[{"href":"https:\/\/garvi.com\/ca\/wp-json\/wp\/v2\/types\/page"}],"author":[{"embeddable":true,"href":"https:\/\/garvi.com\/ca\/wp-json\/wp\/v2\/users\/1"}],"replies":[{"embeddable":true,"href":"https:\/\/garvi.com\/ca\/wp-json\/wp\/v2\/comments?post=2505"}],"version-history":[{"count":7,"href":"https:\/\/garvi.com\/ca\/wp-json\/wp\/v2\/pages\/2505\/revisions"}],"predecessor-version":[{"id":2512,"href":"https:\/\/garvi.com\/ca\/wp-json\/wp\/v2\/pages\/2505\/revisions\/2512"}],"wp:attachment":[{"href":"https:\/\/garvi.com\/ca\/wp-json\/wp\/v2\/media?parent=2505"}],"curies":[{"name":"wp","href":"https:\/\/api.w.org\/{rel}","templated":true}]}}