{"id":1706,"date":"2024-02-01T16:07:32","date_gmt":"2024-02-01T15:07:32","guid":{"rendered":"https:\/\/garvi.com\/blog\/"},"modified":"2025-03-21T11:08:23","modified_gmt":"2025-03-21T10:08:23","slug":"noticies","status":"publish","type":"page","link":"https:\/\/garvi.com\/ca\/noticies\/","title":{"rendered":"Not\u00edcies"},"content":{"rendered":"\t\t<div data-elementor-type=\"wp-page\" data-elementor-id=\"1706\" class=\"elementor elementor-1706 elementor-1695\" data-elementor-post-type=\"page\">\n\t\t\t\t\t\t<section class=\"elementor-section elementor-top-section elementor-element elementor-element-fba4917 elementor-section-full_width elementor-section-height-default elementor-section-height-default\" data-id=\"fba4917\" data-element_type=\"section\" data-e-type=\"section\" data-settings=\"{&quot;background_background&quot;:&quot;classic&quot;}\">\n\t\t\t\t\t\t<div class=\"elementor-container elementor-column-gap-no\">\n\t\t\t\t\t<div class=\"elementor-column elementor-col-100 elementor-top-column elementor-element elementor-element-0e06633\" data-id=\"0e06633\" data-element_type=\"column\" data-e-type=\"column\">\n\t\t\t<div class=\"elementor-widget-wrap elementor-element-populated\">\n\t\t\t\t\t\t<div class=\"elementor-element elementor-element-0143a7e elementor--h-position-left elementor--v-position-middle elementor-widget elementor-widget-slides\" data-id=\"0143a7e\" data-element_type=\"widget\" data-e-type=\"widget\" data-settings=\"{&quot;navigation&quot;:&quot;none&quot;,&quot;autoplay_speed&quot;:15000,&quot;autoplay&quot;:&quot;yes&quot;,&quot;infinite&quot;:&quot;yes&quot;,&quot;transition&quot;:&quot;slide&quot;,&quot;transition_speed&quot;:500}\" data-widget_type=\"slides.default\">\n\t\t\t\t<div class=\"elementor-widget-container\">\n\t\t\t\t\t\t\t\t\t<div class=\"elementor-swiper\">\n\t\t\t\t\t<div class=\"elementor-slides-wrapper elementor-main-swiper swiper\" role=\"region\" aria-roledescription=\"carousel\" aria-label=\"Diapositivas\" dir=\"ltr\" data-animation=\"fadeInDown\">\n\t\t\t\t<div class=\"swiper-wrapper elementor-slides\">\n\t\t\t\t\t\t\t\t\t\t<div class=\"elementor-repeater-item-c580894 swiper-slide\" role=\"group\" aria-roledescription=\"slide\"><div class=\"swiper-slide-bg elementor-ken-burns elementor-ken-burns--in\" role=\"img\" aria-label=\"banner-noticias\"><\/div><div class=\"elementor-background-overlay\"><\/div><a class=\"swiper-slide-inner\" href=\"\/productos\/\"><div class=\"swiper-slide-contents\"><div class=\"elementor-slide-heading\">Not\u00edcies<\/div><div class=\"elementor-slide-description\">Not\u00edcies i esdeveniments<\/div><\/div><\/a><\/div>\t\t\t\t<\/div>\n\t\t\t\t\t\t\t<\/div>\n\t\t\t\t<\/div>\n\t\t\t\t\t\t\t\t<\/div>\n\t\t\t\t<\/div>\n\t\t\t\t\t<\/div>\n\t\t<\/div>\n\t\t\t\t\t<\/div>\n\t\t<\/section>\n\t\t\t\t<section class=\"elementor-section elementor-top-section elementor-element elementor-element-483d8b6 elementor-section-boxed elementor-section-height-default elementor-section-height-default\" data-id=\"483d8b6\" data-element_type=\"section\" data-e-type=\"section\">\n\t\t\t\t\t\t<div class=\"elementor-container elementor-column-gap-default\">\n\t\t\t\t\t<div class=\"elementor-column elementor-col-100 elementor-top-column elementor-element elementor-element-8f2739f\" data-id=\"8f2739f\" data-element_type=\"column\" data-e-type=\"column\">\n\t\t\t<div class=\"elementor-widget-wrap elementor-element-populated\">\n\t\t\t\t\t\t<div class=\"elementor-element elementor-element-f74cfde elementor-grid-2 elementor-grid-tablet-2 elementor-grid-mobile-1 elementor-posts--thumbnail-top elementor-card-shadow-yes elementor-posts__hover-gradient elementor-widget elementor-widget-posts\" data-id=\"f74cfde\" data-element_type=\"widget\" data-e-type=\"widget\" data-settings=\"{&quot;cards_columns&quot;:&quot;2&quot;,&quot;pagination_type&quot;:&quot;numbers&quot;,&quot;cards_columns_tablet&quot;:&quot;2&quot;,&quot;cards_columns_mobile&quot;:&quot;1&quot;,&quot;cards_row_gap&quot;:{&quot;unit&quot;:&quot;px&quot;,&quot;size&quot;:35,&quot;sizes&quot;:[]},&quot;cards_row_gap_tablet&quot;:{&quot;unit&quot;:&quot;px&quot;,&quot;size&quot;:&quot;&quot;,&quot;sizes&quot;:[]},&quot;cards_row_gap_mobile&quot;:{&quot;unit&quot;:&quot;px&quot;,&quot;size&quot;:&quot;&quot;,&quot;sizes&quot;:[]}}\" data-widget_type=\"posts.cards\">\n\t\t\t\t<div class=\"elementor-widget-container\">\n\t\t\t\t\t\t\t<div class=\"elementor-posts-container elementor-posts elementor-posts--skin-cards elementor-grid\" role=\"list\">\n\t\t\t\t<article class=\"elementor-post elementor-grid-item post-2486 post type-post status-publish format-standard has-post-thumbnail hentry category-sin-categorizar-ca\" role=\"listitem\">\n\t\t\t<div class=\"elementor-post__card\">\n\t\t\t\t<a class=\"elementor-post__thumbnail__link\" href=\"https:\/\/garvi.com\/ca\/materials-clau-en-lestampacio-metal%c2%b7lica\/\" tabindex=\"-1\" ><div class=\"elementor-post__thumbnail\"><img fetchpriority=\"high\" decoding=\"async\" width=\"1000\" height=\"667\" src=\"https:\/\/garvi.com\/wp-content\/uploads\/2025\/06\/materialesclave.jpg\" class=\"attachment-medium size-medium wp-image-2466\" alt=\"\" srcset=\"https:\/\/garvi.com\/wp-content\/uploads\/2025\/06\/materialesclave.jpg 1000w, https:\/\/garvi.com\/wp-content\/uploads\/2025\/06\/materialesclave-768x512.jpg 768w\" sizes=\"(max-width: 1000px) 100vw, 1000px\" \/><\/div><\/a>\n\t\t\t\t<div class=\"elementor-post__text\">\n\t\t\t\t<h3 class=\"elementor-post__title\">\n\t\t\t<a href=\"https:\/\/garvi.com\/ca\/materials-clau-en-lestampacio-metal%c2%b7lica\/\" >\n\t\t\t\tMaterials clau en l&#8217;estampaci\u00f3 met\u00e0l\u00b7lica\t\t\t<\/a>\n\t\t<\/h3>\n\t\t\t\t<div class=\"elementor-post__excerpt\">\n\t\t\t<p>A Garvi Industrial, entenem que l&#8217;elecci\u00f3 del material \u00e9s un dels pilars per a aconseguir components met\u00e0l\u00b7lics d&#8217;alta qualitat. Cada sector, aplicaci\u00f3 i pe\u00e7a t\u00e9 les seves pr\u00f2pies exig\u00e8ncies, i nosaltres comptem amb l&#8217;experi\u00e8ncia i capacitat t\u00e8cnica per a oferir una soluci\u00f3 a mesura. Amb quins materials treballem? Al llarg<\/p>\n\t\t<\/div>\n\t\t\n\t\t<a class=\"elementor-post__read-more\" href=\"https:\/\/garvi.com\/ca\/materials-clau-en-lestampacio-metal%c2%b7lica\/\" aria-label=\"Read more about Materials clau en l&#8217;estampaci\u00f3 met\u00e0l\u00b7lica\" tabindex=\"-1\" >\n\t\t\tLEER M\u00c1S \u00bb\t\t<\/a>\n\n\t\t\t\t<\/div>\n\t\t\t\t\t<\/div>\n\t\t<\/article>\n\t\t\t\t<article class=\"elementor-post elementor-grid-item post-2478 post type-post status-publish format-standard has-post-thumbnail hentry category-sin-categorizar-ca\" role=\"listitem\">\n\t\t\t<div class=\"elementor-post__card\">\n\t\t\t\t<a class=\"elementor-post__thumbnail__link\" href=\"https:\/\/garvi.com\/ca\/garvi-industrial-mes-de-quatre-decades-dinnovacio-i-lideratge-en-estampacio-metal%c2%b7lica\/\" tabindex=\"-1\" ><div class=\"elementor-post__thumbnail\"><img decoding=\"async\" width=\"1000\" height=\"667\" src=\"https:\/\/garvi.com\/wp-content\/uploads\/2025\/06\/masde40.1.jpg\" class=\"attachment-medium size-medium wp-image-2460\" alt=\"\" srcset=\"https:\/\/garvi.com\/wp-content\/uploads\/2025\/06\/masde40.1.jpg 1000w, https:\/\/garvi.com\/wp-content\/uploads\/2025\/06\/masde40.1-768x512.jpg 768w\" sizes=\"(max-width: 1000px) 100vw, 1000px\" \/><\/div><\/a>\n\t\t\t\t<div class=\"elementor-post__text\">\n\t\t\t\t<h3 class=\"elementor-post__title\">\n\t\t\t<a href=\"https:\/\/garvi.com\/ca\/garvi-industrial-mes-de-quatre-decades-dinnovacio-i-lideratge-en-estampacio-metal%c2%b7lica\/\" >\n\t\t\t\tGarvi Industrial: M\u00e9s de quatre d\u00e8cades d&#8217;Innovaci\u00f3 i Lideratge en Estampaci\u00f3 Met\u00e0l\u00b7lica\t\t\t<\/a>\n\t\t<\/h3>\n\t\t\t\t<div class=\"elementor-post__excerpt\">\n\t\t\t<p>Des dels nostres humils comen\u00e7aments com Arvi en 1969, hem evolucionat fins a consolidar-nos com una empresa referent en el sector de l&#8217;estampaci\u00f3 met\u00e0l\u00b7lica, especialment en la ind\u00fastria de l&#8217;automoci\u00f3. La nostra hist\u00f2ria, que va comen\u00e7ar en l&#8217;emblem\u00e0tica f\u00e0brica Batll\u00f3 en el barri de Sants, est\u00e0 marcada per un constant<\/p>\n\t\t<\/div>\n\t\t\n\t\t<a class=\"elementor-post__read-more\" href=\"https:\/\/garvi.com\/ca\/garvi-industrial-mes-de-quatre-decades-dinnovacio-i-lideratge-en-estampacio-metal%c2%b7lica\/\" aria-label=\"Read more about Garvi Industrial: M\u00e9s de quatre d\u00e8cades d&#8217;Innovaci\u00f3 i Lideratge en Estampaci\u00f3 Met\u00e0l\u00b7lica\" tabindex=\"-1\" >\n\t\t\tLEER M\u00c1S \u00bb\t\t<\/a>\n\n\t\t\t\t<\/div>\n\t\t\t\t\t<\/div>\n\t\t<\/article>\n\t\t\t\t<article class=\"elementor-post elementor-grid-item post-2469 post type-post status-publish format-standard has-post-thumbnail hentry category-sin-categorizar-ca\" role=\"listitem\">\n\t\t\t<div class=\"elementor-post__card\">\n\t\t\t\t<a class=\"elementor-post__thumbnail__link\" href=\"https:\/\/garvi.com\/ca\/de-la-bobina-al-component-solucions-integrals-en-estampacio-metal%c2%b7lica\/\" tabindex=\"-1\" ><div class=\"elementor-post__thumbnail\"><img decoding=\"async\" width=\"1000\" height=\"667\" src=\"https:\/\/garvi.com\/wp-content\/uploads\/2025\/06\/delabobina.jpg\" class=\"attachment-medium size-medium wp-image-2463\" alt=\"\" srcset=\"https:\/\/garvi.com\/wp-content\/uploads\/2025\/06\/delabobina.jpg 1000w, https:\/\/garvi.com\/wp-content\/uploads\/2025\/06\/delabobina-768x512.jpg 768w\" sizes=\"(max-width: 1000px) 100vw, 1000px\" \/><\/div><\/a>\n\t\t\t\t<div class=\"elementor-post__text\">\n\t\t\t\t<h3 class=\"elementor-post__title\">\n\t\t\t<a href=\"https:\/\/garvi.com\/ca\/de-la-bobina-al-component-solucions-integrals-en-estampacio-metal%c2%b7lica\/\" >\n\t\t\t\tDe la bobina al component: Solucions integrals en estampaci\u00f3 met\u00e0l\u00b7lica\t\t\t<\/a>\n\t\t<\/h3>\n\t\t\t\t<div class=\"elementor-post__excerpt\">\n\t\t\t<p>A Garvi Industrial, ens especialitzem en l&#8217;estampaci\u00f3 de components met\u00e0l\u00b7lics en progressiu i transfer. Transformem mat\u00e8ria primera met\u00e0l\u00b7lica en peces i conjunts d&#8217;alta precisi\u00f3 principalment per al sector automobil\u00edstic. Controlem cada etapa del proc\u00e9s de fabricaci\u00f3, assegurant qualitat, efici\u00e8ncia i tra\u00e7abilitat total per als nostres clients. Treballem amb una \u00e0mplia<\/p>\n\t\t<\/div>\n\t\t\n\t\t<a class=\"elementor-post__read-more\" href=\"https:\/\/garvi.com\/ca\/de-la-bobina-al-component-solucions-integrals-en-estampacio-metal%c2%b7lica\/\" aria-label=\"Read more about De la bobina al component: Solucions integrals en estampaci\u00f3 met\u00e0l\u00b7lica\" tabindex=\"-1\" >\n\t\t\tLEER M\u00c1S \u00bb\t\t<\/a>\n\n\t\t\t\t<\/div>\n\t\t\t\t\t<\/div>\n\t\t<\/article>\n\t\t\t\t<article class=\"elementor-post elementor-grid-item post-2423 post type-post status-publish format-standard has-post-thumbnail hentry category-sin-categorizar-ca\" role=\"listitem\">\n\t\t\t<div class=\"elementor-post__card\">\n\t\t\t\t<a class=\"elementor-post__thumbnail__link\" href=\"https:\/\/garvi.com\/ca\/innovacio-i-precisio-descobreix-la-nostra-nova-seccio-de-matriceria\/\" tabindex=\"-1\" ><div class=\"elementor-post__thumbnail\"><img loading=\"lazy\" decoding=\"async\" width=\"1000\" height=\"667\" src=\"https:\/\/garvi.com\/wp-content\/uploads\/2025\/02\/garvi_01.jpg\" class=\"attachment-medium size-medium wp-image-2420\" alt=\"\" srcset=\"https:\/\/garvi.com\/wp-content\/uploads\/2025\/02\/garvi_01.jpg 1000w, https:\/\/garvi.com\/wp-content\/uploads\/2025\/02\/garvi_01-768x512.jpg 768w\" sizes=\"(max-width: 1000px) 100vw, 1000px\" \/><\/div><\/a>\n\t\t\t\t<div class=\"elementor-post__text\">\n\t\t\t\t<h3 class=\"elementor-post__title\">\n\t\t\t<a href=\"https:\/\/garvi.com\/ca\/innovacio-i-precisio-descobreix-la-nostra-nova-seccio-de-matriceria\/\" >\n\t\t\t\tInnovaci\u00f3 i Precisi\u00f3: Descobreix La nostra nova secci\u00f3 de matriceria\t\t\t<\/a>\n\t\t<\/h3>\n\t\t\t\t<div class=\"elementor-post__excerpt\">\n\t\t\t<p>Dins del nostre proc\u00e9s de renovaci\u00f3, millora cont\u00ednua i optimitzaci\u00f3, hem traslladat la nostra secci\u00f3 de matriceria a una nova nau. Aix\u00f2 ens ha perm\u00e8s: &#8211; Crear un Layout m\u00e9s eficient. &#8211; Ampliar el parc de maquin\u00e0ria. &#8211; Dotar al personal d&#8217;un ambient de treball m\u00e9s c\u00f2mode. Amb aix\u00f2 pretenem:<\/p>\n\t\t<\/div>\n\t\t\n\t\t<a class=\"elementor-post__read-more\" href=\"https:\/\/garvi.com\/ca\/innovacio-i-precisio-descobreix-la-nostra-nova-seccio-de-matriceria\/\" aria-label=\"Read more about Innovaci\u00f3 i Precisi\u00f3: Descobreix La nostra nova secci\u00f3 de matriceria\" tabindex=\"-1\" >\n\t\t\tLEER M\u00c1S \u00bb\t\t<\/a>\n\n\t\t\t\t<\/div>\n\t\t\t\t\t<\/div>\n\t\t<\/article>\n\t\t\t\t<article class=\"elementor-post elementor-grid-item post-2315 post type-post status-publish format-standard has-post-thumbnail hentry category-sin-categorizar-ca\" role=\"listitem\">\n\t\t\t<div class=\"elementor-post__card\">\n\t\t\t\t<a class=\"elementor-post__thumbnail__link\" href=\"https:\/\/garvi.com\/ca\/compromis-de-garvi-industrial-s-a-amb-la-sostenibilitat-en-lestampacio-metal%c2%b7lica\/\" tabindex=\"-1\" ><div class=\"elementor-post__thumbnail\"><img loading=\"lazy\" decoding=\"async\" width=\"1000\" height=\"667\" src=\"https:\/\/garvi.com\/wp-content\/uploads\/2024\/10\/sotenibilidad_garvi.jpg\" class=\"attachment-medium size-medium wp-image-2312\" alt=\"\" srcset=\"https:\/\/garvi.com\/wp-content\/uploads\/2024\/10\/sotenibilidad_garvi.jpg 1000w, https:\/\/garvi.com\/wp-content\/uploads\/2024\/10\/sotenibilidad_garvi-768x512.jpg 768w\" sizes=\"(max-width: 1000px) 100vw, 1000px\" \/><\/div><\/a>\n\t\t\t\t<div class=\"elementor-post__text\">\n\t\t\t\t<h3 class=\"elementor-post__title\">\n\t\t\t<a href=\"https:\/\/garvi.com\/ca\/compromis-de-garvi-industrial-s-a-amb-la-sostenibilitat-en-lestampacio-metal%c2%b7lica\/\" >\n\t\t\t\tComprom\u00eds de Garvi Industrial S.A. amb la sostenibilitat en l&#8217;estampaci\u00f3 met\u00e0l\u00b7lica\t\t\t<\/a>\n\t\t<\/h3>\n\t\t\t\t<div class=\"elementor-post__excerpt\">\n\t\t\t<p>La sostenibilitat ha passat de ser una tend\u00e8ncia a convertir-se en un pilar essencial per a la ind\u00fastria moderna. A Garvi Industrial S.A., estem plenament compromesos amb l&#8217;adopci\u00f3 de pr\u00e0ctiques responsables en els nostres processos d&#8217;estampaci\u00f3 met\u00e0l\u00b7lica. Aquest enfocament no sols ens permet complir amb les creixents exig\u00e8ncies dels nostres<\/p>\n\t\t<\/div>\n\t\t\n\t\t<a class=\"elementor-post__read-more\" href=\"https:\/\/garvi.com\/ca\/compromis-de-garvi-industrial-s-a-amb-la-sostenibilitat-en-lestampacio-metal%c2%b7lica\/\" aria-label=\"Read more about Comprom\u00eds de Garvi Industrial S.A. amb la sostenibilitat en l&#8217;estampaci\u00f3 met\u00e0l\u00b7lica\" tabindex=\"-1\" >\n\t\t\tLEER M\u00c1S \u00bb\t\t<\/a>\n\n\t\t\t\t<\/div>\n\t\t\t\t\t<\/div>\n\t\t<\/article>\n\t\t\t\t<article class=\"elementor-post elementor-grid-item post-2301 post type-post status-publish format-standard has-post-thumbnail hentry category-sin-categorizar-ca\" role=\"listitem\">\n\t\t\t<div class=\"elementor-post__card\">\n\t\t\t\t<a class=\"elementor-post__thumbnail__link\" href=\"https:\/\/garvi.com\/ca\/pilars-fonamentals-que-garanteixen-la-nostra-excel%c2%b7lencia\/\" tabindex=\"-1\" ><div class=\"elementor-post__thumbnail\"><img loading=\"lazy\" decoding=\"async\" width=\"1000\" height=\"667\" src=\"https:\/\/garvi.com\/wp-content\/uploads\/2024\/07\/pilares_fundamentales.jpg\" class=\"attachment-medium size-medium wp-image-2299\" alt=\"\" srcset=\"https:\/\/garvi.com\/wp-content\/uploads\/2024\/07\/pilares_fundamentales.jpg 1000w, https:\/\/garvi.com\/wp-content\/uploads\/2024\/07\/pilares_fundamentales-768x512.jpg 768w\" sizes=\"(max-width: 1000px) 100vw, 1000px\" \/><\/div><\/a>\n\t\t\t\t<div class=\"elementor-post__text\">\n\t\t\t\t<h3 class=\"elementor-post__title\">\n\t\t\t<a href=\"https:\/\/garvi.com\/ca\/pilars-fonamentals-que-garanteixen-la-nostra-excel%c2%b7lencia\/\" >\n\t\t\t\tPILARS FONAMENTALS QUE GARANTEIXEN LA NOSTRA EXCEL\u00b7L\u00c8NCIA\t\t\t<\/a>\n\t\t<\/h3>\n\t\t\t\t<div class=\"elementor-post__excerpt\">\n\t\t\t<p>El nostre comprom\u00eds amb la qualitat est\u00e0 recolzat per una \u00e0mplia experi\u00e8ncia i coneixements en el sector per a brindar als nostres clients la confian\u00e7a que necessiten en triar-nos com el seu prove\u00efdor d&#8217;estampaci\u00f3 de peces met\u00e0l\u00b7liques. Per aix\u00f2, els nostres quatre pilars fonamentals s\u00f3n essencials per a garantir l&#8217;excel\u00b7l\u00e8ncia<\/p>\n\t\t<\/div>\n\t\t\n\t\t<a class=\"elementor-post__read-more\" href=\"https:\/\/garvi.com\/ca\/pilars-fonamentals-que-garanteixen-la-nostra-excel%c2%b7lencia\/\" aria-label=\"Read more about PILARS FONAMENTALS QUE GARANTEIXEN LA NOSTRA EXCEL\u00b7L\u00c8NCIA\" tabindex=\"-1\" >\n\t\t\tLEER M\u00c1S \u00bb\t\t<\/a>\n\n\t\t\t\t<\/div>\n\t\t\t\t\t<\/div>\n\t\t<\/article>\n\t\t\t\t<\/div>\n\t\t\n\t\t\t\t<div class=\"e-load-more-anchor\" data-page=\"1\" data-max-page=\"2\" data-next-page=\"https:\/\/garvi.com\/ca\/wp-json\/wp\/v2\/pages\/1706\/page\/2\/\"><\/div>\n\t\t\t\t<nav class=\"elementor-pagination\" aria-label=\"Paginaci\u00f3\">\n\t\t\t<span aria-current=\"page\" class=\"page-numbers current\"><span class=\"elementor-screen-only\">P\u00e0gina<\/span>1<\/span>\n<a class=\"page-numbers\" href=\"https:\/\/garvi.com\/ca\/wp-json\/wp\/v2\/pages\/1706\/page\/2\/\"><span class=\"elementor-screen-only\">P\u00e0gina<\/span>2<\/a>\t\t<\/nav>\n\t\t\t\t\t\t<\/div>\n\t\t\t\t<\/div>\n\t\t\t\t\t<\/div>\n\t\t<\/div>\n\t\t\t\t\t<\/div>\n\t\t<\/section>\n\t\t\t\t<\/div>\n\t\t","protected":false},"excerpt":{"rendered":"<p>Not\u00edciesNot\u00edcies i esdeveniments<\/p>\n","protected":false},"author":1,"featured_media":0,"parent":0,"menu_order":0,"comment_status":"closed","ping_status":"closed","template":"elementor_header_footer","meta":{"footnotes":""},"class_list":["post-1706","page","type-page","status-publish","hentry"],"yoast_head":"<!-- This site is optimized with the Yoast SEO plugin v27.3 - https:\/\/yoast.com\/product\/yoast-seo-wordpress\/ -->\n<title>Not\u00edcies - Garvi Industrial, S.A.<\/title>\n<meta name=\"robots\" content=\"index, follow, max-snippet:-1, max-image-preview:large, max-video-preview:-1\" \/>\n<link rel=\"canonical\" href=\"https:\/\/garvi.com\/noticias\/\" \/>\n<meta property=\"og:locale\" content=\"ca_ES\" \/>\n<meta property=\"og:type\" content=\"article\" \/>\n<meta property=\"og:title\" content=\"Not\u00edcies - Garvi Industrial, S.A.\" \/>\n<meta property=\"og:description\" content=\"Not\u00edciesNot\u00edcies i esdeveniments\" \/>\n<meta property=\"og:url\" content=\"https:\/\/garvi.com\/noticias\/\" \/>\n<meta property=\"og:site_name\" content=\"Garvi Industrial, S.A.\" \/>\n<meta property=\"article:modified_time\" content=\"2025-03-21T10:08:23+00:00\" \/>\n<meta name=\"twitter:card\" content=\"summary_large_image\" \/>\n<meta name=\"twitter:label1\" content=\"Temps estimat de lectura\" \/>\n\t<meta name=\"twitter:data1\" content=\"5 minuts\" \/>\n<script type=\"application\/ld+json\" class=\"yoast-schema-graph\">{\"@context\":\"https:\\\/\\\/schema.org\",\"@graph\":[{\"@type\":\"WebPage\",\"@id\":\"https:\\\/\\\/garvi.com\\\/noticias\\\/\",\"url\":\"https:\\\/\\\/garvi.com\\\/noticias\\\/\",\"name\":\"Not\u00edcies - Garvi Industrial, S.A.\",\"isPartOf\":{\"@id\":\"https:\\\/\\\/garvi.com\\\/#website\"},\"datePublished\":\"2024-02-01T15:07:32+00:00\",\"dateModified\":\"2025-03-21T10:08:23+00:00\",\"breadcrumb\":{\"@id\":\"https:\\\/\\\/garvi.com\\\/noticias\\\/#breadcrumb\"},\"inLanguage\":\"ca\",\"potentialAction\":[{\"@type\":\"ReadAction\",\"target\":[\"https:\\\/\\\/garvi.com\\\/noticias\\\/\"]}]},{\"@type\":\"BreadcrumbList\",\"@id\":\"https:\\\/\\\/garvi.com\\\/noticias\\\/#breadcrumb\",\"itemListElement\":[{\"@type\":\"ListItem\",\"position\":1,\"name\":\"Portada\",\"item\":\"https:\\\/\\\/garvi.com\\\/\"},{\"@type\":\"ListItem\",\"position\":2,\"name\":\"Not\u00edcies\"}]},{\"@type\":\"WebSite\",\"@id\":\"https:\\\/\\\/garvi.com\\\/#website\",\"url\":\"https:\\\/\\\/garvi.com\\\/\",\"name\":\"Garvi Industrial, S.A.\",\"description\":\"Especialistas en estampaci\u00f3n de piezas met\u00e1licas principalmente para el sector de la automoci\u00f3n.\",\"publisher\":{\"@id\":\"https:\\\/\\\/garvi.com\\\/#organization\"},\"potentialAction\":[{\"@type\":\"SearchAction\",\"target\":{\"@type\":\"EntryPoint\",\"urlTemplate\":\"https:\\\/\\\/garvi.com\\\/?s={search_term_string}\"},\"query-input\":{\"@type\":\"PropertyValueSpecification\",\"valueRequired\":true,\"valueName\":\"search_term_string\"}}],\"inLanguage\":\"ca\"},{\"@type\":\"Organization\",\"@id\":\"https:\\\/\\\/garvi.com\\\/#organization\",\"name\":\"Garvi Industrial, S.A.\",\"url\":\"https:\\\/\\\/garvi.com\\\/\",\"logo\":{\"@type\":\"ImageObject\",\"inLanguage\":\"ca\",\"@id\":\"https:\\\/\\\/garvi.com\\\/#\\\/schema\\\/logo\\\/image\\\/\",\"url\":\"https:\\\/\\\/garvi.com\\\/wp-content\\\/uploads\\\/2024\\\/03\\\/Garvi_Industrial_SA.png\",\"contentUrl\":\"https:\\\/\\\/garvi.com\\\/wp-content\\\/uploads\\\/2024\\\/03\\\/Garvi_Industrial_SA.png\",\"width\":195,\"height\":128,\"caption\":\"Garvi Industrial, S.A.\"},\"image\":{\"@id\":\"https:\\\/\\\/garvi.com\\\/#\\\/schema\\\/logo\\\/image\\\/\"}}]}<\/script>\n<!-- \/ Yoast SEO plugin. -->","yoast_head_json":{"title":"Not\u00edcies - Garvi Industrial, S.A.","robots":{"index":"index","follow":"follow","max-snippet":"max-snippet:-1","max-image-preview":"max-image-preview:large","max-video-preview":"max-video-preview:-1"},"canonical":"https:\/\/garvi.com\/noticias\/","og_locale":"ca_ES","og_type":"article","og_title":"Not\u00edcies - Garvi Industrial, S.A.","og_description":"Not\u00edciesNot\u00edcies i esdeveniments","og_url":"https:\/\/garvi.com\/noticias\/","og_site_name":"Garvi Industrial, S.A.","article_modified_time":"2025-03-21T10:08:23+00:00","twitter_card":"summary_large_image","twitter_misc":{"Temps estimat de lectura":"5 minuts"},"schema":{"@context":"https:\/\/schema.org","@graph":[{"@type":"WebPage","@id":"https:\/\/garvi.com\/noticias\/","url":"https:\/\/garvi.com\/noticias\/","name":"Not\u00edcies - Garvi Industrial, S.A.","isPartOf":{"@id":"https:\/\/garvi.com\/#website"},"datePublished":"2024-02-01T15:07:32+00:00","dateModified":"2025-03-21T10:08:23+00:00","breadcrumb":{"@id":"https:\/\/garvi.com\/noticias\/#breadcrumb"},"inLanguage":"ca","potentialAction":[{"@type":"ReadAction","target":["https:\/\/garvi.com\/noticias\/"]}]},{"@type":"BreadcrumbList","@id":"https:\/\/garvi.com\/noticias\/#breadcrumb","itemListElement":[{"@type":"ListItem","position":1,"name":"Portada","item":"https:\/\/garvi.com\/"},{"@type":"ListItem","position":2,"name":"Not\u00edcies"}]},{"@type":"WebSite","@id":"https:\/\/garvi.com\/#website","url":"https:\/\/garvi.com\/","name":"Garvi Industrial, S.A.","description":"Especialistas en estampaci\u00f3n de piezas met\u00e1licas principalmente para el sector de la automoci\u00f3n.","publisher":{"@id":"https:\/\/garvi.com\/#organization"},"potentialAction":[{"@type":"SearchAction","target":{"@type":"EntryPoint","urlTemplate":"https:\/\/garvi.com\/?s={search_term_string}"},"query-input":{"@type":"PropertyValueSpecification","valueRequired":true,"valueName":"search_term_string"}}],"inLanguage":"ca"},{"@type":"Organization","@id":"https:\/\/garvi.com\/#organization","name":"Garvi Industrial, S.A.","url":"https:\/\/garvi.com\/","logo":{"@type":"ImageObject","inLanguage":"ca","@id":"https:\/\/garvi.com\/#\/schema\/logo\/image\/","url":"https:\/\/garvi.com\/wp-content\/uploads\/2024\/03\/Garvi_Industrial_SA.png","contentUrl":"https:\/\/garvi.com\/wp-content\/uploads\/2024\/03\/Garvi_Industrial_SA.png","width":195,"height":128,"caption":"Garvi Industrial, S.A."},"image":{"@id":"https:\/\/garvi.com\/#\/schema\/logo\/image\/"}}]}},"_links":{"self":[{"href":"https:\/\/garvi.com\/ca\/wp-json\/wp\/v2\/pages\/1706","targetHints":{"allow":["GET"]}}],"collection":[{"href":"https:\/\/garvi.com\/ca\/wp-json\/wp\/v2\/pages"}],"about":[{"href":"https:\/\/garvi.com\/ca\/wp-json\/wp\/v2\/types\/page"}],"author":[{"embeddable":true,"href":"https:\/\/garvi.com\/ca\/wp-json\/wp\/v2\/users\/1"}],"replies":[{"embeddable":true,"href":"https:\/\/garvi.com\/ca\/wp-json\/wp\/v2\/comments?post=1706"}],"version-history":[{"count":40,"href":"https:\/\/garvi.com\/ca\/wp-json\/wp\/v2\/pages\/1706\/revisions"}],"predecessor-version":[{"id":2446,"href":"https:\/\/garvi.com\/ca\/wp-json\/wp\/v2\/pages\/1706\/revisions\/2446"}],"wp:attachment":[{"href":"https:\/\/garvi.com\/ca\/wp-json\/wp\/v2\/media?parent=1706"}],"curies":[{"name":"wp","href":"https:\/\/api.w.org\/{rel}","templated":true}]}}