{"id":1134,"date":"2023-03-30T14:00:26","date_gmt":"2023-03-30T12:00:26","guid":{"rendered":"https:\/\/garvi.com\/calidad\/"},"modified":"2024-12-05T17:01:43","modified_gmt":"2024-12-05T16:01:43","slug":"qualitat","status":"publish","type":"page","link":"https:\/\/garvi.com\/ca\/qualitat\/","title":{"rendered":"Qualitat"},"content":{"rendered":"\t\t<div data-elementor-type=\"wp-page\" data-elementor-id=\"1134\" class=\"elementor elementor-1134 elementor-261\" data-elementor-post-type=\"page\">\n\t\t\t\t\t\t<section class=\"elementor-section elementor-top-section elementor-element elementor-element-e4db59c elementor-section-full_width elementor-section-height-default elementor-section-height-default\" data-id=\"e4db59c\" data-element_type=\"section\" data-e-type=\"section\" data-settings=\"{&quot;background_background&quot;:&quot;classic&quot;}\">\n\t\t\t\t\t\t<div class=\"elementor-container elementor-column-gap-no\">\n\t\t\t\t\t<div class=\"elementor-column elementor-col-100 elementor-top-column elementor-element elementor-element-6a18bad\" data-id=\"6a18bad\" data-element_type=\"column\" data-e-type=\"column\">\n\t\t\t<div class=\"elementor-widget-wrap elementor-element-populated\">\n\t\t\t\t\t\t<div class=\"elementor-element elementor-element-f5ef16f elementor--h-position-left elementor--v-position-middle elementor-widget elementor-widget-slides\" data-id=\"f5ef16f\" data-element_type=\"widget\" data-e-type=\"widget\" data-settings=\"{&quot;navigation&quot;:&quot;none&quot;,&quot;autoplay_speed&quot;:15000,&quot;autoplay&quot;:&quot;yes&quot;,&quot;infinite&quot;:&quot;yes&quot;,&quot;transition&quot;:&quot;slide&quot;,&quot;transition_speed&quot;:500}\" data-widget_type=\"slides.default\">\n\t\t\t\t<div class=\"elementor-widget-container\">\n\t\t\t\t\t\t\t\t\t<div class=\"elementor-swiper\">\n\t\t\t\t\t<div class=\"elementor-slides-wrapper elementor-main-swiper swiper\" role=\"region\" aria-roledescription=\"carousel\" aria-label=\"Diapositives\" dir=\"ltr\" data-animation=\"fadeInDown\">\n\t\t\t\t<div class=\"swiper-wrapper elementor-slides\">\n\t\t\t\t\t\t\t\t\t\t<div class=\"elementor-repeater-item-c580894 swiper-slide\" role=\"group\" aria-roledescription=\"slide\"><div class=\"swiper-slide-bg elementor-ken-burns elementor-ken-burns--in\" role=\"img\" aria-label=\"calidad_top\"><\/div><div class=\"elementor-background-overlay\"><\/div><a class=\"swiper-slide-inner\" href=\"\/productos\/\"><div class=\"swiper-slide-contents\"><div class=\"elementor-slide-heading\">Qualitat<\/div><div class=\"elementor-slide-description\">Garvi \u00e9s signe de qualitat i servei<\/div><\/div><\/a><\/div>\t\t\t\t<\/div>\n\t\t\t\t\t\t\t<\/div>\n\t\t\t\t<\/div>\n\t\t\t\t\t\t\t\t<\/div>\n\t\t\t\t<\/div>\n\t\t\t\t\t<\/div>\n\t\t<\/div>\n\t\t\t\t\t<\/div>\n\t\t<\/section>\n\t\t\t\t<section class=\"elementor-section elementor-top-section elementor-element elementor-element-20e788f elementor-section-boxed elementor-section-height-default elementor-section-height-default\" data-id=\"20e788f\" data-element_type=\"section\" data-e-type=\"section\">\n\t\t\t\t\t\t<div class=\"elementor-container elementor-column-gap-default\">\n\t\t\t\t\t<div class=\"elementor-column elementor-col-100 elementor-top-column elementor-element elementor-element-8ff3557\" data-id=\"8ff3557\" data-element_type=\"column\" data-e-type=\"column\">\n\t\t\t<div class=\"elementor-widget-wrap elementor-element-populated\">\n\t\t\t\t\t\t<div class=\"elementor-element elementor-element-1d70c76 elementor-widget elementor-widget-spacer\" data-id=\"1d70c76\" data-element_type=\"widget\" data-e-type=\"widget\" data-widget_type=\"spacer.default\">\n\t\t\t\t<div class=\"elementor-widget-container\">\n\t\t\t\t\t\t\t<div class=\"elementor-spacer\">\n\t\t\t<div class=\"elementor-spacer-inner\"><\/div>\n\t\t<\/div>\n\t\t\t\t\t\t<\/div>\n\t\t\t\t<\/div>\n\t\t\t\t\t<\/div>\n\t\t<\/div>\n\t\t\t\t\t<\/div>\n\t\t<\/section>\n\t\t\t\t<section class=\"elementor-section elementor-top-section elementor-element elementor-element-65fbdd8 elementor-section-boxed elementor-section-height-default elementor-section-height-default\" data-id=\"65fbdd8\" data-element_type=\"section\" data-e-type=\"section\">\n\t\t\t\t\t\t<div class=\"elementor-container elementor-column-gap-default\">\n\t\t\t\t\t<div class=\"elementor-column elementor-col-100 elementor-top-column elementor-element elementor-element-7028fb4\" data-id=\"7028fb4\" data-element_type=\"column\" data-e-type=\"column\">\n\t\t\t<div class=\"elementor-widget-wrap elementor-element-populated\">\n\t\t\t\t\t\t<div class=\"elementor-element elementor-element-2cd3ada elementor-widget elementor-widget-text-editor\" data-id=\"2cd3ada\" data-element_type=\"widget\" data-e-type=\"widget\" data-widget_type=\"text-editor.default\">\n\t\t\t\t<div class=\"elementor-widget-container\">\n\t\t\t\t\t\t\t\t\t<h3>La qualitat \u00e9s la nostra m\u00e0xima prioritat!<\/h3><h4>Amb certificacions ISO IATF, garantim excel\u00b7l\u00e8ncia en la gesti\u00f3 de la qualitat.<\/h4><h5>A m\u00e9s, ens enorgulleix el nostre comprom\u00eds amb el desenvolupament sostenible, recolzat per la recent obtenci\u00f3 de l&#8217;ISO 14001. Els nostres clients valoren el nostre comprom\u00eds amb la qualitat, la innovaci\u00f3 i la responsabilitat social i mediambiental.<\/h5>\t\t\t\t\t\t\t\t<\/div>\n\t\t\t\t<\/div>\n\t\t\t\t<div class=\"elementor-element elementor-element-467837b elementor-widget elementor-widget-spacer\" data-id=\"467837b\" data-element_type=\"widget\" data-e-type=\"widget\" data-widget_type=\"spacer.default\">\n\t\t\t\t<div class=\"elementor-widget-container\">\n\t\t\t\t\t\t\t<div class=\"elementor-spacer\">\n\t\t\t<div class=\"elementor-spacer-inner\"><\/div>\n\t\t<\/div>\n\t\t\t\t\t\t<\/div>\n\t\t\t\t<\/div>\n\t\t\t\t\t<\/div>\n\t\t<\/div>\n\t\t\t\t\t<\/div>\n\t\t<\/section>\n\t\t\t\t<section class=\"elementor-section elementor-top-section elementor-element elementor-element-0155190 elementor-reverse-tablet elementor-reverse-mobile elementor-section-boxed elementor-section-height-default elementor-section-height-default\" data-id=\"0155190\" data-element_type=\"section\" data-e-type=\"section\">\n\t\t\t\t\t\t<div class=\"elementor-container elementor-column-gap-default\">\n\t\t\t\t\t<div class=\"elementor-column elementor-col-50 elementor-top-column elementor-element elementor-element-225894c\" data-id=\"225894c\" data-element_type=\"column\" data-e-type=\"column\">\n\t\t\t<div class=\"elementor-widget-wrap elementor-element-populated\">\n\t\t\t\t\t\t<div class=\"elementor-element elementor-element-dda1bbf elementor-widget elementor-widget-image\" data-id=\"dda1bbf\" data-element_type=\"widget\" data-e-type=\"widget\" data-widget_type=\"image.default\">\n\t\t\t\t<div class=\"elementor-widget-container\">\n\t\t\t\t\t\t\t\t\t\t\t\t\t\t\t<img fetchpriority=\"high\" decoding=\"async\" width=\"1151\" height=\"1726\" src=\"https:\/\/garvi.com\/wp-content\/uploads\/2024\/02\/Garvi_calidad-1.jpg\" class=\"attachment-large size-large wp-image-1989\" alt=\"\" srcset=\"https:\/\/garvi.com\/wp-content\/uploads\/2024\/02\/Garvi_calidad-1.jpg 1151w, https:\/\/garvi.com\/wp-content\/uploads\/2024\/02\/Garvi_calidad-1-768x1152.jpg 768w, https:\/\/garvi.com\/wp-content\/uploads\/2024\/02\/Garvi_calidad-1-1024x1536.jpg 1024w\" sizes=\"(max-width: 1151px) 100vw, 1151px\" \/>\t\t\t\t\t\t\t\t\t\t\t\t\t\t\t<\/div>\n\t\t\t\t<\/div>\n\t\t\t\t\t<\/div>\n\t\t<\/div>\n\t\t\t\t<div class=\"elementor-column elementor-col-50 elementor-top-column elementor-element elementor-element-47c2297\" data-id=\"47c2297\" data-element_type=\"column\" data-e-type=\"column\">\n\t\t\t<div class=\"elementor-widget-wrap elementor-element-populated\">\n\t\t\t\t\t\t<div class=\"elementor-element elementor-element-61d92ff elementor-align-center elementor-widget elementor-widget-button\" data-id=\"61d92ff\" data-element_type=\"widget\" data-e-type=\"widget\" data-widget_type=\"button.default\">\n\t\t\t\t<div class=\"elementor-widget-container\">\n\t\t\t\t\t\t\t\t\t<div class=\"elementor-button-wrapper\">\n\t\t\t\t\t<a class=\"elementor-button elementor-button-link elementor-size-sm\" href=\"https:\/\/garvi.com\/wp-content\/uploads\/2023\/11\/Politica_de_calidad_y_ambiental_Anexo_1.pdf\" target=\"_blank\">\n\t\t\t\t\t\t<span class=\"elementor-button-content-wrapper\">\n\t\t\t\t\t\t\t\t\t<span class=\"elementor-button-text\">Pol\u00edtica de calidad y Pol\u00edtica Ambiental. Anexo 1<\/span>\n\t\t\t\t\t<\/span>\n\t\t\t\t\t<\/a>\n\t\t\t\t<\/div>\n\t\t\t\t\t\t\t\t<\/div>\n\t\t\t\t<\/div>\n\t\t\t\t<div class=\"elementor-element elementor-element-a0405d0 elementor-align-center elementor-widget elementor-widget-button\" data-id=\"a0405d0\" data-element_type=\"widget\" data-e-type=\"widget\" data-widget_type=\"button.default\">\n\t\t\t\t<div class=\"elementor-widget-container\">\n\t\t\t\t\t\t\t\t\t<div class=\"elementor-button-wrapper\">\n\t\t\t\t\t<a class=\"elementor-button elementor-button-link elementor-size-sm\" href=\"https:\/\/garvi.com\/wp-content\/uploads\/2023\/11\/Politica_de_calidad_y_ambiental_Anexo_2.pdf\" target=\"_blank\">\n\t\t\t\t\t\t<span class=\"elementor-button-content-wrapper\">\n\t\t\t\t\t\t\t\t\t<span class=\"elementor-button-text\">Pol\u00edtica de calidad y Pol\u00edtica Ambiental. Anexo 2<\/span>\n\t\t\t\t\t<\/span>\n\t\t\t\t\t<\/a>\n\t\t\t\t<\/div>\n\t\t\t\t\t\t\t\t<\/div>\n\t\t\t\t<\/div>\n\t\t\t\t<div class=\"elementor-element elementor-element-97b4e6a elementor-widget elementor-widget-spacer\" data-id=\"97b4e6a\" data-element_type=\"widget\" data-e-type=\"widget\" data-widget_type=\"spacer.default\">\n\t\t\t\t<div class=\"elementor-widget-container\">\n\t\t\t\t\t\t\t<div class=\"elementor-spacer\">\n\t\t\t<div class=\"elementor-spacer-inner\"><\/div>\n\t\t<\/div>\n\t\t\t\t\t\t<\/div>\n\t\t\t\t<\/div>\n\t\t\t\t<div class=\"elementor-element elementor-element-9e329f5 elementor-widget elementor-widget-heading\" data-id=\"9e329f5\" data-element_type=\"widget\" data-e-type=\"widget\" data-widget_type=\"heading.default\">\n\t\t\t\t<div class=\"elementor-widget-container\">\n\t\t\t\t\t<h3 class=\"elementor-heading-title elementor-size-default\">Certificats de qualitat<\/h3>\t\t\t\t<\/div>\n\t\t\t\t<\/div>\n\t\t\t\t<div class=\"elementor-element elementor-element-d25523b elementor-widget elementor-widget-spacer\" data-id=\"d25523b\" data-element_type=\"widget\" data-e-type=\"widget\" data-widget_type=\"spacer.default\">\n\t\t\t\t<div class=\"elementor-widget-container\">\n\t\t\t\t\t\t\t<div class=\"elementor-spacer\">\n\t\t\t<div class=\"elementor-spacer-inner\"><\/div>\n\t\t<\/div>\n\t\t\t\t\t\t<\/div>\n\t\t\t\t<\/div>\n\t\t\t\t<section class=\"elementor-section elementor-inner-section elementor-element elementor-element-ed82f9b elementor-section-boxed elementor-section-height-default elementor-section-height-default\" data-id=\"ed82f9b\" data-element_type=\"section\" data-e-type=\"section\">\n\t\t\t\t\t\t<div class=\"elementor-container elementor-column-gap-no\">\n\t\t\t\t\t<div class=\"elementor-column elementor-col-33 elementor-inner-column elementor-element elementor-element-471ae6c\" data-id=\"471ae6c\" data-element_type=\"column\" data-e-type=\"column\">\n\t\t\t<div class=\"elementor-widget-wrap elementor-element-populated\">\n\t\t\t\t\t\t<div class=\"elementor-element elementor-element-2ae7490 elementor-widget elementor-widget-image\" data-id=\"2ae7490\" data-element_type=\"widget\" data-e-type=\"widget\" data-widget_type=\"image.default\">\n\t\t\t\t<div class=\"elementor-widget-container\">\n\t\t\t\t\t\t\t\t\t\t\t\t\t\t\t\t<a href=\"https:\/\/garvi.com\/wp-content\/uploads\/2023\/10\/ISO9001_es.pdf\" target=\"_blank\">\n\t\t\t\t\t\t\t<img decoding=\"async\" width=\"157\" height=\"219\" src=\"https:\/\/garvi.com\/wp-content\/uploads\/2024\/02\/ISO9001.png\" class=\"attachment-large size-large wp-image-1992\" alt=\"\" \/>\t\t\t\t\t\t\t\t<\/a>\n\t\t\t\t\t\t\t\t\t\t\t\t\t\t\t<\/div>\n\t\t\t\t<\/div>\n\t\t\t\t<div class=\"elementor-element elementor-element-5fb2706 elementor-widget elementor-widget-spacer\" data-id=\"5fb2706\" data-element_type=\"widget\" data-e-type=\"widget\" data-widget_type=\"spacer.default\">\n\t\t\t\t<div class=\"elementor-widget-container\">\n\t\t\t\t\t\t\t<div class=\"elementor-spacer\">\n\t\t\t<div class=\"elementor-spacer-inner\"><\/div>\n\t\t<\/div>\n\t\t\t\t\t\t<\/div>\n\t\t\t\t<\/div>\n\t\t\t\t\t<\/div>\n\t\t<\/div>\n\t\t\t\t<div class=\"elementor-column elementor-col-33 elementor-inner-column elementor-element elementor-element-872251e\" data-id=\"872251e\" data-element_type=\"column\" data-e-type=\"column\">\n\t\t\t<div class=\"elementor-widget-wrap elementor-element-populated\">\n\t\t\t\t\t\t<div class=\"elementor-element elementor-element-b46dc6d elementor-widget elementor-widget-image\" data-id=\"b46dc6d\" data-element_type=\"widget\" data-e-type=\"widget\" data-widget_type=\"image.default\">\n\t\t\t\t<div class=\"elementor-widget-container\">\n\t\t\t\t\t\t\t\t\t\t\t\t\t\t\t\t<a href=\"https:\/\/garvi.com\/wp-content\/uploads\/2023\/10\/IATF_es.pdf\" target=\"_blank\">\n\t\t\t\t\t\t\t<img decoding=\"async\" width=\"157\" height=\"220\" src=\"https:\/\/garvi.com\/wp-content\/uploads\/2024\/02\/IATF_16949.png\" class=\"attachment-large size-large wp-image-1995\" alt=\"\" \/>\t\t\t\t\t\t\t\t<\/a>\n\t\t\t\t\t\t\t\t\t\t\t\t\t\t\t<\/div>\n\t\t\t\t<\/div>\n\t\t\t\t<div class=\"elementor-element elementor-element-7ac4c29 elementor-widget elementor-widget-spacer\" data-id=\"7ac4c29\" data-element_type=\"widget\" data-e-type=\"widget\" data-widget_type=\"spacer.default\">\n\t\t\t\t<div class=\"elementor-widget-container\">\n\t\t\t\t\t\t\t<div class=\"elementor-spacer\">\n\t\t\t<div class=\"elementor-spacer-inner\"><\/div>\n\t\t<\/div>\n\t\t\t\t\t\t<\/div>\n\t\t\t\t<\/div>\n\t\t\t\t\t<\/div>\n\t\t<\/div>\n\t\t\t\t<div class=\"elementor-column elementor-col-33 elementor-inner-column elementor-element elementor-element-f014fc7\" data-id=\"f014fc7\" data-element_type=\"column\" data-e-type=\"column\">\n\t\t\t<div class=\"elementor-widget-wrap elementor-element-populated\">\n\t\t\t\t\t\t<div class=\"elementor-element elementor-element-762159f elementor-widget elementor-widget-image\" data-id=\"762159f\" data-element_type=\"widget\" data-e-type=\"widget\" data-widget_type=\"image.default\">\n\t\t\t\t<div class=\"elementor-widget-container\">\n\t\t\t\t\t\t\t\t\t\t\t\t\t\t\t\t<a href=\"https:\/\/garvi.com\/wp-content\/uploads\/2024\/12\/ISO14001.pdf\" target=\"_blank\">\n\t\t\t\t\t\t\t<img loading=\"lazy\" decoding=\"async\" width=\"300\" height=\"418\" src=\"https:\/\/garvi.com\/wp-content\/uploads\/2024\/07\/iso14001_eng.jpg\" class=\"attachment-large size-large wp-image-2252\" alt=\"\" \/>\t\t\t\t\t\t\t\t<\/a>\n\t\t\t\t\t\t\t\t\t\t\t\t\t\t\t<\/div>\n\t\t\t\t<\/div>\n\t\t\t\t<div class=\"elementor-element elementor-element-bb07d07 elementor-widget elementor-widget-spacer\" data-id=\"bb07d07\" data-element_type=\"widget\" data-e-type=\"widget\" data-widget_type=\"spacer.default\">\n\t\t\t\t<div class=\"elementor-widget-container\">\n\t\t\t\t\t\t\t<div class=\"elementor-spacer\">\n\t\t\t<div class=\"elementor-spacer-inner\"><\/div>\n\t\t<\/div>\n\t\t\t\t\t\t<\/div>\n\t\t\t\t<\/div>\n\t\t\t\t\t<\/div>\n\t\t<\/div>\n\t\t\t\t\t<\/div>\n\t\t<\/section>\n\t\t\t\t<div class=\"elementor-element elementor-element-a9cdedd elementor-widget elementor-widget-text-editor\" data-id=\"a9cdedd\" data-element_type=\"widget\" data-e-type=\"widget\" data-widget_type=\"text-editor.default\">\n\t\t\t\t<div class=\"elementor-widget-container\">\n\t\t\t\t\t\t\t\t\t<p>El nostre proc\u00e9s de fabricaci\u00f3 se sotmet a rigorosos controls per a assegurar la m\u00e0xima qualitat del producte i dels materials utilitzats. Comptem amb els m\u00e9s exigents certificats europeus que avalen el nostre comprom\u00eds amb l&#8217;excel\u00b7l\u00e8ncia.<\/p>\t\t\t\t\t\t\t\t<\/div>\n\t\t\t\t<\/div>\n\t\t\t\t\t<\/div>\n\t\t<\/div>\n\t\t\t\t\t<\/div>\n\t\t<\/section>\n\t\t\t\t<section class=\"elementor-section elementor-top-section elementor-element elementor-element-a565fd8 elementor-section-boxed elementor-section-height-default elementor-section-height-default\" data-id=\"a565fd8\" data-element_type=\"section\" data-e-type=\"section\">\n\t\t\t\t\t\t<div class=\"elementor-container elementor-column-gap-default\">\n\t\t\t\t\t<div class=\"elementor-column elementor-col-100 elementor-top-column elementor-element elementor-element-766a81e\" data-id=\"766a81e\" data-element_type=\"column\" data-e-type=\"column\">\n\t\t\t<div class=\"elementor-widget-wrap elementor-element-populated\">\n\t\t\t\t\t\t<div class=\"elementor-element elementor-element-fd8a5a5 elementor-widget elementor-widget-spacer\" data-id=\"fd8a5a5\" data-element_type=\"widget\" data-e-type=\"widget\" data-widget_type=\"spacer.default\">\n\t\t\t\t<div class=\"elementor-widget-container\">\n\t\t\t\t\t\t\t<div class=\"elementor-spacer\">\n\t\t\t<div class=\"elementor-spacer-inner\"><\/div>\n\t\t<\/div>\n\t\t\t\t\t\t<\/div>\n\t\t\t\t<\/div>\n\t\t\t\t\t<\/div>\n\t\t<\/div>\n\t\t\t\t\t<\/div>\n\t\t<\/section>\n\t\t\t\t<\/div>\n\t\t","protected":false},"excerpt":{"rendered":"<p>QualitatGarvi \u00e9s signe de qualitat i servei La qualitat \u00e9s la nostra m\u00e0xima prioritat! Amb certificacions ISO IATF, garantim excel\u00b7l\u00e8ncia en la gesti\u00f3 de la qualitat. A m\u00e9s, ens enorgulleix el nostre comprom\u00eds amb el desenvolupament sostenible, recolzat per la recent obtenci\u00f3 de l&#8217;ISO 14001. Els nostres clients valoren el nostre comprom\u00eds amb la qualitat, [&hellip;]<\/p>\n","protected":false},"author":1,"featured_media":0,"parent":0,"menu_order":0,"comment_status":"closed","ping_status":"closed","template":"elementor_header_footer","meta":{"footnotes":""},"class_list":["post-1134","page","type-page","status-publish","hentry"],"yoast_head":"<!-- This site is optimized with the Yoast SEO plugin v27.3 - https:\/\/yoast.com\/product\/yoast-seo-wordpress\/ -->\n<title>Qualitat - Garvi Industrial, S.A.<\/title>\n<meta name=\"robots\" content=\"index, follow, max-snippet:-1, max-image-preview:large, max-video-preview:-1\" \/>\n<link rel=\"canonical\" href=\"https:\/\/garvi.com\/calidad\/\" \/>\n<meta property=\"og:locale\" content=\"ca_ES\" \/>\n<meta property=\"og:type\" content=\"article\" \/>\n<meta property=\"og:title\" content=\"Qualitat - Garvi Industrial, S.A.\" \/>\n<meta property=\"og:description\" content=\"QualitatGarvi \u00e9s signe de qualitat i servei La qualitat \u00e9s la nostra m\u00e0xima prioritat! Amb certificacions ISO IATF, garantim excel\u00b7l\u00e8ncia en la gesti\u00f3 de la qualitat. A m\u00e9s, ens enorgulleix el nostre comprom\u00eds amb el desenvolupament sostenible, recolzat per la recent obtenci\u00f3 de l&#8217;ISO 14001. Els nostres clients valoren el nostre comprom\u00eds amb la qualitat, [&hellip;]\" \/>\n<meta property=\"og:url\" content=\"https:\/\/garvi.com\/calidad\/\" \/>\n<meta property=\"og:site_name\" content=\"Garvi Industrial, S.A.\" \/>\n<meta property=\"article:modified_time\" content=\"2024-12-05T16:01:43+00:00\" \/>\n<meta property=\"og:image\" content=\"https:\/\/garvi.com\/wp-content\/uploads\/2024\/02\/Garvi_calidad-1.jpg\" \/>\n\t<meta property=\"og:image:width\" content=\"1151\" \/>\n\t<meta property=\"og:image:height\" content=\"1726\" \/>\n\t<meta property=\"og:image:type\" content=\"image\/jpeg\" \/>\n<meta name=\"twitter:card\" content=\"summary_large_image\" \/>\n<meta name=\"twitter:label1\" content=\"Temps estimat de lectura\" \/>\n\t<meta name=\"twitter:data1\" content=\"2 minuts\" \/>\n<script type=\"application\/ld+json\" class=\"yoast-schema-graph\">{\"@context\":\"https:\\\/\\\/schema.org\",\"@graph\":[{\"@type\":\"WebPage\",\"@id\":\"https:\\\/\\\/garvi.com\\\/calidad\\\/\",\"url\":\"https:\\\/\\\/garvi.com\\\/calidad\\\/\",\"name\":\"Qualitat - Garvi Industrial, S.A.\",\"isPartOf\":{\"@id\":\"https:\\\/\\\/garvi.com\\\/#website\"},\"primaryImageOfPage\":{\"@id\":\"https:\\\/\\\/garvi.com\\\/calidad\\\/#primaryimage\"},\"image\":{\"@id\":\"https:\\\/\\\/garvi.com\\\/calidad\\\/#primaryimage\"},\"thumbnailUrl\":\"https:\\\/\\\/garvi.com\\\/wp-content\\\/uploads\\\/2024\\\/02\\\/Garvi_calidad-1.jpg\",\"datePublished\":\"2023-03-30T12:00:26+00:00\",\"dateModified\":\"2024-12-05T16:01:43+00:00\",\"breadcrumb\":{\"@id\":\"https:\\\/\\\/garvi.com\\\/calidad\\\/#breadcrumb\"},\"inLanguage\":\"ca\",\"potentialAction\":[{\"@type\":\"ReadAction\",\"target\":[\"https:\\\/\\\/garvi.com\\\/calidad\\\/\"]}]},{\"@type\":\"ImageObject\",\"inLanguage\":\"ca\",\"@id\":\"https:\\\/\\\/garvi.com\\\/calidad\\\/#primaryimage\",\"url\":\"https:\\\/\\\/garvi.com\\\/wp-content\\\/uploads\\\/2024\\\/02\\\/Garvi_calidad-1.jpg\",\"contentUrl\":\"https:\\\/\\\/garvi.com\\\/wp-content\\\/uploads\\\/2024\\\/02\\\/Garvi_calidad-1.jpg\"},{\"@type\":\"BreadcrumbList\",\"@id\":\"https:\\\/\\\/garvi.com\\\/calidad\\\/#breadcrumb\",\"itemListElement\":[{\"@type\":\"ListItem\",\"position\":1,\"name\":\"Portada\",\"item\":\"https:\\\/\\\/garvi.com\\\/\"},{\"@type\":\"ListItem\",\"position\":2,\"name\":\"Qualitat\"}]},{\"@type\":\"WebSite\",\"@id\":\"https:\\\/\\\/garvi.com\\\/#website\",\"url\":\"https:\\\/\\\/garvi.com\\\/\",\"name\":\"Garvi Industrial, S.A.\",\"description\":\"Especialistas en estampaci\u00f3n de piezas met\u00e1licas principalmente para el sector de la automoci\u00f3n.\",\"publisher\":{\"@id\":\"https:\\\/\\\/garvi.com\\\/#organization\"},\"potentialAction\":[{\"@type\":\"SearchAction\",\"target\":{\"@type\":\"EntryPoint\",\"urlTemplate\":\"https:\\\/\\\/garvi.com\\\/?s={search_term_string}\"},\"query-input\":{\"@type\":\"PropertyValueSpecification\",\"valueRequired\":true,\"valueName\":\"search_term_string\"}}],\"inLanguage\":\"ca\"},{\"@type\":\"Organization\",\"@id\":\"https:\\\/\\\/garvi.com\\\/#organization\",\"name\":\"Garvi Industrial, S.A.\",\"url\":\"https:\\\/\\\/garvi.com\\\/\",\"logo\":{\"@type\":\"ImageObject\",\"inLanguage\":\"ca\",\"@id\":\"https:\\\/\\\/garvi.com\\\/#\\\/schema\\\/logo\\\/image\\\/\",\"url\":\"https:\\\/\\\/garvi.com\\\/wp-content\\\/uploads\\\/2024\\\/03\\\/Garvi_Industrial_SA.png\",\"contentUrl\":\"https:\\\/\\\/garvi.com\\\/wp-content\\\/uploads\\\/2024\\\/03\\\/Garvi_Industrial_SA.png\",\"width\":195,\"height\":128,\"caption\":\"Garvi Industrial, S.A.\"},\"image\":{\"@id\":\"https:\\\/\\\/garvi.com\\\/#\\\/schema\\\/logo\\\/image\\\/\"}}]}<\/script>\n<!-- \/ Yoast SEO plugin. -->","yoast_head_json":{"title":"Qualitat - Garvi Industrial, S.A.","robots":{"index":"index","follow":"follow","max-snippet":"max-snippet:-1","max-image-preview":"max-image-preview:large","max-video-preview":"max-video-preview:-1"},"canonical":"https:\/\/garvi.com\/calidad\/","og_locale":"ca_ES","og_type":"article","og_title":"Qualitat - Garvi Industrial, S.A.","og_description":"QualitatGarvi \u00e9s signe de qualitat i servei La qualitat \u00e9s la nostra m\u00e0xima prioritat! Amb certificacions ISO IATF, garantim excel\u00b7l\u00e8ncia en la gesti\u00f3 de la qualitat. A m\u00e9s, ens enorgulleix el nostre comprom\u00eds amb el desenvolupament sostenible, recolzat per la recent obtenci\u00f3 de l&#8217;ISO 14001. Els nostres clients valoren el nostre comprom\u00eds amb la qualitat, [&hellip;]","og_url":"https:\/\/garvi.com\/calidad\/","og_site_name":"Garvi Industrial, S.A.","article_modified_time":"2024-12-05T16:01:43+00:00","og_image":[{"width":1151,"height":1726,"url":"https:\/\/garvi.com\/wp-content\/uploads\/2024\/02\/Garvi_calidad-1.jpg","type":"image\/jpeg"}],"twitter_card":"summary_large_image","twitter_misc":{"Temps estimat de lectura":"2 minuts"},"schema":{"@context":"https:\/\/schema.org","@graph":[{"@type":"WebPage","@id":"https:\/\/garvi.com\/calidad\/","url":"https:\/\/garvi.com\/calidad\/","name":"Qualitat - Garvi Industrial, S.A.","isPartOf":{"@id":"https:\/\/garvi.com\/#website"},"primaryImageOfPage":{"@id":"https:\/\/garvi.com\/calidad\/#primaryimage"},"image":{"@id":"https:\/\/garvi.com\/calidad\/#primaryimage"},"thumbnailUrl":"https:\/\/garvi.com\/wp-content\/uploads\/2024\/02\/Garvi_calidad-1.jpg","datePublished":"2023-03-30T12:00:26+00:00","dateModified":"2024-12-05T16:01:43+00:00","breadcrumb":{"@id":"https:\/\/garvi.com\/calidad\/#breadcrumb"},"inLanguage":"ca","potentialAction":[{"@type":"ReadAction","target":["https:\/\/garvi.com\/calidad\/"]}]},{"@type":"ImageObject","inLanguage":"ca","@id":"https:\/\/garvi.com\/calidad\/#primaryimage","url":"https:\/\/garvi.com\/wp-content\/uploads\/2024\/02\/Garvi_calidad-1.jpg","contentUrl":"https:\/\/garvi.com\/wp-content\/uploads\/2024\/02\/Garvi_calidad-1.jpg"},{"@type":"BreadcrumbList","@id":"https:\/\/garvi.com\/calidad\/#breadcrumb","itemListElement":[{"@type":"ListItem","position":1,"name":"Portada","item":"https:\/\/garvi.com\/"},{"@type":"ListItem","position":2,"name":"Qualitat"}]},{"@type":"WebSite","@id":"https:\/\/garvi.com\/#website","url":"https:\/\/garvi.com\/","name":"Garvi Industrial, S.A.","description":"Especialistas en estampaci\u00f3n de piezas met\u00e1licas principalmente para el sector de la automoci\u00f3n.","publisher":{"@id":"https:\/\/garvi.com\/#organization"},"potentialAction":[{"@type":"SearchAction","target":{"@type":"EntryPoint","urlTemplate":"https:\/\/garvi.com\/?s={search_term_string}"},"query-input":{"@type":"PropertyValueSpecification","valueRequired":true,"valueName":"search_term_string"}}],"inLanguage":"ca"},{"@type":"Organization","@id":"https:\/\/garvi.com\/#organization","name":"Garvi Industrial, S.A.","url":"https:\/\/garvi.com\/","logo":{"@type":"ImageObject","inLanguage":"ca","@id":"https:\/\/garvi.com\/#\/schema\/logo\/image\/","url":"https:\/\/garvi.com\/wp-content\/uploads\/2024\/03\/Garvi_Industrial_SA.png","contentUrl":"https:\/\/garvi.com\/wp-content\/uploads\/2024\/03\/Garvi_Industrial_SA.png","width":195,"height":128,"caption":"Garvi Industrial, S.A."},"image":{"@id":"https:\/\/garvi.com\/#\/schema\/logo\/image\/"}}]}},"_links":{"self":[{"href":"https:\/\/garvi.com\/ca\/wp-json\/wp\/v2\/pages\/1134","targetHints":{"allow":["GET"]}}],"collection":[{"href":"https:\/\/garvi.com\/ca\/wp-json\/wp\/v2\/pages"}],"about":[{"href":"https:\/\/garvi.com\/ca\/wp-json\/wp\/v2\/types\/page"}],"author":[{"embeddable":true,"href":"https:\/\/garvi.com\/ca\/wp-json\/wp\/v2\/users\/1"}],"replies":[{"embeddable":true,"href":"https:\/\/garvi.com\/ca\/wp-json\/wp\/v2\/comments?post=1134"}],"version-history":[{"count":46,"href":"https:\/\/garvi.com\/ca\/wp-json\/wp\/v2\/pages\/1134\/revisions"}],"predecessor-version":[{"id":2345,"href":"https:\/\/garvi.com\/ca\/wp-json\/wp\/v2\/pages\/1134\/revisions\/2345"}],"wp:attachment":[{"href":"https:\/\/garvi.com\/ca\/wp-json\/wp\/v2\/media?parent=1134"}],"curies":[{"name":"wp","href":"https:\/\/api.w.org\/{rel}","templated":true}]}}